{"id":133,"date":"2019-01-14T04:25:27","date_gmt":"2019-01-14T04:25:27","guid":{"rendered":"http:\/\/demo.ovathemes.com\/muzze\/?page_id=133"},"modified":"2026-03-13T01:20:35","modified_gmt":"2026-03-12T22:20:35","slug":"about-mission-and-history","status":"publish","type":"page","link":"https:\/\/galeriejakubska.com\/cs\/about-mission-and-history\/","title":{"rendered":"N\u00e1\u0161 p\u0159\u00edb\u011bh"},"content":{"rendered":"<div data-elementor-type=\"wp-post\" data-elementor-id=\"133\" data-post-id=\"6159\" data-obj-id=\"6159\" class=\"elementor elementor-133 dce-elementor-post-6159\" data-elementor-settings=\"[]\">\n\t\t\t\t\t\t<div class=\"elementor-inner\">\n\t\t\t\t\t\t\t<div class=\"elementor-section-wrap\">\n\t\t\t\t\t\t\t<section class=\"elementor-section elementor-top-section elementor-element elementor-element-87b6ee7 elementor-section-full_width elementor-section-height-default elementor-section-height-default\" data-id=\"87b6ee7\" data-element_type=\"section\">\n\t\t\t\t\t\t<div class=\"elementor-container elementor-column-gap-default\">\n\t\t\t\t\t\t\t<div class=\"elementor-row\">\n\t\t\t\t\t<div class=\"elementor-column elementor-col-100 elementor-top-column elementor-element elementor-element-96fa290\" data-id=\"96fa290\" data-element_type=\"column\" data-settings=\"{&quot;background_background&quot;:&quot;classic&quot;}\">\n\t\t\t<div class=\"elementor-column-wrap elementor-element-populated\">\n\t\t\t\t\t\t\t<div class=\"elementor-widget-wrap\">\n\t\t\t\t\t\t<div class=\"elementor-element elementor-element-62bd1ae elementor-widget elementor-widget-ova_heading_page\" data-id=\"62bd1ae\" data-element_type=\"widget\" data-widget_type=\"ova_heading_page.default\">\n\t\t\t\t<div class=\"elementor-widget-container\">\n\t\t\t\n\t\t<section class=\"heading-page\" style=\"background-image: url(http:\/\/demo.ovathemes.com\/muzze\/wp-content\/uploads\/2019\/01\/slide-1.jpg)\" >\n\t\t\t<div class=\"container\">\n\t\t\t\t<div class=\"cta-content\">\n\t\t\t\t\t\t\t\t\t\t\t<h2 class=\"second_font\">N\u00e1\u0161 p\u0159\u00edb\u011bh<\/h2>\n\t\t\t\t\t\t\t\t\t\t\n\t\t\t\t<\/div>\n\t\t\t<\/div>\n\t\t<\/section>\n\n\t\t\t<\/div>\n\t\t\t\t<\/div>\n\t\t\t\t\t\t<\/div>\n\t\t\t\t\t<\/div>\n\t\t<\/div>\n\t\t\t\t\t\t\t\t<\/div>\n\t\t\t\t\t<\/div>\n\t\t<\/section>\n\t\t\t\t<section class=\"elementor-section elementor-top-section elementor-element elementor-element-ac5a5bd elementor-section-boxed elementor-section-height-default elementor-section-height-default\" data-id=\"ac5a5bd\" data-element_type=\"section\" data-settings=\"{&quot;background_background&quot;:&quot;classic&quot;}\">\n\t\t\t\t\t\t<div class=\"elementor-container elementor-column-gap-default\">\n\t\t\t\t\t\t\t<div class=\"elementor-row\">\n\t\t\t\t\t<div class=\"elementor-column elementor-col-100 elementor-top-column elementor-element elementor-element-d4501c6\" data-id=\"d4501c6\" data-element_type=\"column\">\n\t\t\t<div class=\"elementor-column-wrap\">\n\t\t\t\t\t\t\t<div class=\"elementor-widget-wrap\">\n\t\t\t\t\t\t\t\t<\/div>\n\t\t\t\t\t<\/div>\n\t\t<\/div>\n\t\t\t\t\t\t\t\t<\/div>\n\t\t\t\t\t<\/div>\n\t\t<\/section>\n\t\t\t\t<section class=\"elementor-section elementor-top-section elementor-element elementor-element-1a5bffd elementor-section-boxed elementor-section-height-default elementor-section-height-default\" data-id=\"1a5bffd\" data-element_type=\"section\" data-settings=\"{&quot;background_background&quot;:&quot;classic&quot;}\">\n\t\t\t\t\t\t<div class=\"elementor-container elementor-column-gap-default\">\n\t\t\t\t\t\t\t<div class=\"elementor-row\">\n\t\t\t\t\t<div class=\"elementor-column elementor-col-100 elementor-top-column elementor-element elementor-element-dd3b581\" data-id=\"dd3b581\" data-element_type=\"column\">\n\t\t\t<div class=\"elementor-column-wrap elementor-element-populated\">\n\t\t\t\t\t\t\t<div class=\"elementor-widget-wrap\">\n\t\t\t\t\t\t<div class=\"elementor-element elementor-element-fbdef15 line-height-32 elementor-widget elementor-widget-text-editor\" data-id=\"fbdef15\" data-element_type=\"widget\" data-widget_type=\"text-editor.default\">\n\t\t\t\t<div class=\"elementor-widget-container\">\n\t\t\t\t\t\t\t\t<div class=\"elementor-text-editor elementor-clearfix\">\n\t\t\t\t\t<p><strong>Nov\u00e1 epocha Galeri\u00ed \u201eJakubsk\u00e1\u201c<\/strong><\/p><p class=\"translation-block\">V roce 2020 vstoupila Galerie \u201eJakubsk\u00e1\u201c do nov\u00e9 epochy v srdci magick\u00e9 Mal\u00e9 Strany v Hartigovsk\u00e9m pal\u00e1ci.<\/p><p><span style=\"font-weight: 400;\">Galerie \u201eJakubsk\u00e1\u201c byla zalo\u017eena v roce 1994 v neobvykl\u00e9m byt\u011b v Praze. V 19. stolet\u00ed to b\u00fdval obchod  a Alexander Onishenko se rozhodl obnovit jeho historii, ale sv\u00fdmi obrazy nov\u00e9ho impresionismu. On a jeho klienti se t\u00edmto m\u00edstem inspirovali v\u00edce ne\u017e 25 let, ale nade\u0161el \u010das roz\u0161\u00ed\u0159it se. Tak za\u010dala nov\u00e1 f\u00e1ze v\u00fdvoje Galerie \u201eJakubsk\u00e1\u201c.\u00a0<\/span><\/p><p><span style=\"font-weight: 400;\">The <\/span><span style=\"font-weight: 400;\">Hartigovsky (tak\u00e9 naz\u00fdvan\u00fd Veznikovsky, Salmonsky nebo Selmberkovsky) pal\u00e1c m\u00e1 sv\u016fj vlastn\u00ed exkluzivn\u00ed p\u0159\u00edb\u011bh. P\u016fvodn\u011b byl st\u0159edov\u011bk\u00fd m\u011b\u0161\u0165ansk\u00fd d\u016fm p\u0159estav\u011bn v obdob\u00ed pozdn\u00ed gotiky v letech 1485 a\u017e 1495 a v renesan\u010dn\u00edm stylu p\u0159ed rokem 1580. Dok\u00e1\u017eete si p\u0159edstavit, jak dlouho tato budova existuje? M\u00e1 jedine\u010dnou a hlubokou atmosf\u00e9ru. \u017dili a pracovali zde slavn\u00ed majitel\u00e9 a v\u00fdznamn\u00ed architekti. Budova pal\u00e1ce proto spojuje gotick\u00fd, renesan\u010dn\u00ed a barokn\u00ed styl.<\/span><\/p><p><span style=\"font-weight: 400;\">V posledn\u00ed dob\u011b slou\u017eil pal\u00e1c jako n\u011bmeck\u00e9 velvyslanectv\u00ed a t\u00e9m\u011b\u0159 deset let jako s\u00eddlo Tom\u00e1\u0161e Garrigue Masaryka, politika, st\u00e1tn\u00edka, sociologa, filozofa a prvn\u00edho prezidenta \u010ceskoslovenska, kter\u00fd spoluzalo\u017eil s Milanem Rastislavem \u0160tef\u00e1nikem a Edvard Bene\u0161. M\u016f\u017eete v\u011b\u0159it, \u017ee \u201ezde \u017eil prezident Liberator (\u010desky: Prezident Osvoboditel)?<\/span><\/p><p><span style=\"font-weight: 400;\">For 30 years Hartigovsky palace was privately owned and now became a new home for works of the only Czech <a href=\"https:\/\/onishenko.com\/\" target=\"_blank\" rel=\"noopener\"><strong>new impressionist &#8211; Alexander Onishenko<\/strong><\/a>. It is a place to admire, inspire and be close for some time to the paintings with Secrets of Black Canvas.\u00a0<\/span><\/p>\t\t\t\t\t<\/div>\n\t\t\t\t\t\t<\/div>\n\t\t\t\t<\/div>\n\t\t\t\t\t\t<\/div>\n\t\t\t\t\t<\/div>\n\t\t<\/div>\n\t\t\t\t\t\t\t\t<\/div>\n\t\t\t\t\t<\/div>\n\t\t<\/section>\n\t\t\t\t<section class=\"elementor-section elementor-top-section elementor-element elementor-element-a3edcf5 elementor-section-boxed elementor-section-height-default elementor-section-height-default\" data-id=\"a3edcf5\" data-element_type=\"section\" data-settings=\"{&quot;background_background&quot;:&quot;classic&quot;}\">\n\t\t\t\t\t\t<div class=\"elementor-container elementor-column-gap-default\">\n\t\t\t\t\t\t\t<div class=\"elementor-row\">\n\t\t\t\t\t<div class=\"elementor-column elementor-col-25 elementor-top-column elementor-element elementor-element-d84f8a1\" data-id=\"d84f8a1\" data-element_type=\"column\">\n\t\t\t<div class=\"elementor-column-wrap\">\n\t\t\t\t\t\t\t<div class=\"elementor-widget-wrap\">\n\t\t\t\t\t\t\t\t<\/div>\n\t\t\t\t\t<\/div>\n\t\t<\/div>\n\t\t\t\t<div class=\"elementor-column elementor-col-25 elementor-top-column elementor-element elementor-element-b0b0009\" data-id=\"b0b0009\" data-element_type=\"column\">\n\t\t\t<div class=\"elementor-column-wrap\">\n\t\t\t\t\t\t\t<div class=\"elementor-widget-wrap\">\n\t\t\t\t\t\t\t\t<\/div>\n\t\t\t\t\t<\/div>\n\t\t<\/div>\n\t\t\t\t<div class=\"elementor-column elementor-col-50 elementor-top-column elementor-element elementor-element-3ba8b5d\" data-id=\"3ba8b5d\" data-element_type=\"column\">\n\t\t\t<div class=\"elementor-column-wrap\">\n\t\t\t\t\t\t\t<div class=\"elementor-widget-wrap\">\n\t\t\t\t\t\t\t\t<\/div>\n\t\t\t\t\t<\/div>\n\t\t<\/div>\n\t\t\t\t\t\t\t\t<\/div>\n\t\t\t\t\t<\/div>\n\t\t<\/section>\n\t\t\t\t<section class=\"elementor-section elementor-top-section elementor-element elementor-element-1e8f5b1 elementor-section-boxed elementor-section-height-default elementor-section-height-default\" data-id=\"1e8f5b1\" data-element_type=\"section\" data-settings=\"{&quot;background_background&quot;:&quot;classic&quot;}\">\n\t\t\t\t\t\t<div class=\"elementor-container elementor-column-gap-default\">\n\t\t\t\t\t\t\t<div class=\"elementor-row\">\n\t\t\t\t\t<div class=\"elementor-column elementor-col-50 elementor-top-column elementor-element elementor-element-ee6256e\" data-id=\"ee6256e\" data-element_type=\"column\">\n\t\t\t<div class=\"elementor-column-wrap elementor-element-populated\">\n\t\t\t\t\t\t\t<div class=\"elementor-widget-wrap\">\n\t\t\t\t\t\t<div class=\"elementor-element elementor-element-1abffaf dce_masking-none elementor-widget elementor-widget-image\" data-id=\"1abffaf\" data-element_type=\"widget\" data-widget_type=\"image.default\">\n\t\t\t\t<div class=\"elementor-widget-container\">\n\t\t\t\t\t\t\t\t<div class=\"elementor-image\">\n\t\t\t\t\t\t\t\t\t\t\t\t<img loading=\"lazy\" decoding=\"async\" width=\"4000\" height=\"1418\" src=\"https:\/\/galeriejakubska.com\/wp-content\/uploads\/2022\/01\/Web_Cover_2_Kreslici-platno-1.png\" class=\"attachment-full size-full\" alt=\"\" srcset=\"https:\/\/galeriejakubska.com\/wp-content\/uploads\/2022\/01\/Web_Cover_2_Kreslici-platno-1.png 4000w, https:\/\/galeriejakubska.com\/wp-content\/uploads\/2022\/01\/Web_Cover_2_Kreslici-platno-1-300x106.png 300w, https:\/\/galeriejakubska.com\/wp-content\/uploads\/2022\/01\/Web_Cover_2_Kreslici-platno-1-1024x363.png 1024w, https:\/\/galeriejakubska.com\/wp-content\/uploads\/2022\/01\/Web_Cover_2_Kreslici-platno-1-768x272.png 768w, https:\/\/galeriejakubska.com\/wp-content\/uploads\/2022\/01\/Web_Cover_2_Kreslici-platno-1-1536x545.png 1536w, https:\/\/galeriejakubska.com\/wp-content\/uploads\/2022\/01\/Web_Cover_2_Kreslici-platno-1-2048x726.png 2048w, https:\/\/galeriejakubska.com\/wp-content\/uploads\/2022\/01\/Web_Cover_2_Kreslici-platno-1-16x6.png 16w\" sizes=\"auto, (max-width: 4000px) 100vw, 4000px\" \/>\t\t\t\t\t\t\t\t\t\t\t\t\t\t<\/div>\n\t\t\t\t\t\t<\/div>\n\t\t\t\t<\/div>\n\t\t\t\t<div class=\"elementor-element elementor-element-4fa57dd elementor-widget elementor-widget-spacer\" data-id=\"4fa57dd\" data-element_type=\"widget\" data-widget_type=\"spacer.default\">\n\t\t\t\t<div class=\"elementor-widget-container\">\n\t\t\t\t\t<div class=\"elementor-spacer\">\n\t\t\t<div class=\"elementor-spacer-inner\"><\/div>\n\t\t<\/div>\n\t\t\t\t<\/div>\n\t\t\t\t<\/div>\n\t\t\t\t<div class=\"elementor-element elementor-element-b51bc71 dce_masking-none elementor-widget elementor-widget-image\" data-id=\"b51bc71\" data-element_type=\"widget\" data-widget_type=\"image.default\">\n\t\t\t\t<div class=\"elementor-widget-container\">\n\t\t\t\t\t\t\t\t<div class=\"elementor-image\">\n\t\t\t\t\t\t\t\t\t\t\t\t<img loading=\"lazy\" decoding=\"async\" width=\"1125\" height=\"1500\" src=\"https:\/\/galeriejakubska.com\/wp-content\/uploads\/2022\/01\/IMG_8658.jpg\" class=\"attachment-full size-full\" alt=\"\" srcset=\"https:\/\/galeriejakubska.com\/wp-content\/uploads\/2022\/01\/IMG_8658.jpg 1125w, https:\/\/galeriejakubska.com\/wp-content\/uploads\/2022\/01\/IMG_8658-225x300.jpg 225w, https:\/\/galeriejakubska.com\/wp-content\/uploads\/2022\/01\/IMG_8658-768x1024.jpg 768w, https:\/\/galeriejakubska.com\/wp-content\/uploads\/2022\/01\/IMG_8658-9x12.jpg 9w\" sizes=\"auto, (max-width: 1125px) 100vw, 1125px\" \/>\t\t\t\t\t\t\t\t\t\t\t\t\t\t<\/div>\n\t\t\t\t\t\t<\/div>\n\t\t\t\t<\/div>\n\t\t\t\t\t\t<\/div>\n\t\t\t\t\t<\/div>\n\t\t<\/div>\n\t\t\t\t<div class=\"elementor-column elementor-col-50 elementor-top-column elementor-element elementor-element-78fc7c1\" data-id=\"78fc7c1\" data-element_type=\"column\">\n\t\t\t<div class=\"elementor-column-wrap elementor-element-populated\">\n\t\t\t\t\t\t\t<div class=\"elementor-widget-wrap\">\n\t\t\t\t\t\t<div class=\"elementor-element elementor-element-f0b73ba dce_masking-none elementor-widget elementor-widget-image\" data-id=\"f0b73ba\" data-element_type=\"widget\" data-widget_type=\"image.default\">\n\t\t\t\t<div class=\"elementor-widget-container\">\n\t\t\t\t\t\t\t\t<div class=\"elementor-image\">\n\t\t\t\t\t\t\t\t\t\t\t\t<img loading=\"lazy\" decoding=\"async\" width=\"3024\" height=\"3024\" src=\"https:\/\/galeriejakubska.com\/wp-content\/uploads\/2022\/01\/IMG_5782-2.jpg\" class=\"attachment-full size-full\" alt=\"\" srcset=\"https:\/\/galeriejakubska.com\/wp-content\/uploads\/2022\/01\/IMG_5782-2.jpg 3024w, https:\/\/galeriejakubska.com\/wp-content\/uploads\/2022\/01\/IMG_5782-2-300x300.jpg 300w, https:\/\/galeriejakubska.com\/wp-content\/uploads\/2022\/01\/IMG_5782-2-1024x1024.jpg 1024w, https:\/\/galeriejakubska.com\/wp-content\/uploads\/2022\/01\/IMG_5782-2-150x150.jpg 150w, https:\/\/galeriejakubska.com\/wp-content\/uploads\/2022\/01\/IMG_5782-2-768x768.jpg 768w, https:\/\/galeriejakubska.com\/wp-content\/uploads\/2022\/01\/IMG_5782-2-1536x1536.jpg 1536w, https:\/\/galeriejakubska.com\/wp-content\/uploads\/2022\/01\/IMG_5782-2-2048x2048.jpg 2048w, https:\/\/galeriejakubska.com\/wp-content\/uploads\/2022\/01\/IMG_5782-2-12x12.jpg 12w\" sizes=\"auto, (max-width: 3024px) 100vw, 3024px\" \/>\t\t\t\t\t\t\t\t\t\t\t\t\t\t<\/div>\n\t\t\t\t\t\t<\/div>\n\t\t\t\t<\/div>\n\t\t\t\t<div class=\"elementor-element elementor-element-7082826 dce_masking-none elementor-widget elementor-widget-image\" data-id=\"7082826\" data-element_type=\"widget\" data-widget_type=\"image.default\">\n\t\t\t\t<div class=\"elementor-widget-container\">\n\t\t\t\t\t\t\t\t<div class=\"elementor-image\">\n\t\t\t\t\t\t\t\t\t\t\t\t<img loading=\"lazy\" decoding=\"async\" width=\"1024\" height=\"482\" src=\"https:\/\/galeriejakubska.com\/wp-content\/uploads\/2021\/08\/ob-1024x482.jpg\" class=\"attachment-large size-large\" alt=\"\" srcset=\"https:\/\/galeriejakubska.com\/wp-content\/uploads\/2021\/08\/ob-1024x482.jpg 1024w, https:\/\/galeriejakubska.com\/wp-content\/uploads\/2021\/08\/ob-300x141.jpg 300w, https:\/\/galeriejakubska.com\/wp-content\/uploads\/2021\/08\/ob-768x362.jpg 768w, https:\/\/galeriejakubska.com\/wp-content\/uploads\/2021\/08\/ob-16x8.jpg 16w, https:\/\/galeriejakubska.com\/wp-content\/uploads\/2021\/08\/ob.jpg 1444w\" sizes=\"auto, (max-width: 1024px) 100vw, 1024px\" \/>\t\t\t\t\t\t\t\t\t\t\t\t\t\t<\/div>\n\t\t\t\t\t\t<\/div>\n\t\t\t\t<\/div>\n\t\t\t\t<div class=\"elementor-element elementor-element-c287c59 dce_masking-none elementor-widget elementor-widget-image\" data-id=\"c287c59\" data-element_type=\"widget\" data-widget_type=\"image.default\">\n\t\t\t\t<div class=\"elementor-widget-container\">\n\t\t\t\t\t\t\t\t<div class=\"elementor-image\">\n\t\t\t\t\t\t\t\t\t\t\t\t<img loading=\"lazy\" decoding=\"async\" width=\"1683\" height=\"923\" src=\"https:\/\/galeriejakubska.com\/wp-content\/uploads\/2021\/08\/IMG_9474-2.jpg\" class=\"attachment-full size-full\" alt=\"\" srcset=\"https:\/\/galeriejakubska.com\/wp-content\/uploads\/2021\/08\/IMG_9474-2.jpg 1683w, https:\/\/galeriejakubska.com\/wp-content\/uploads\/2021\/08\/IMG_9474-2-300x165.jpg 300w, https:\/\/galeriejakubska.com\/wp-content\/uploads\/2021\/08\/IMG_9474-2-1024x562.jpg 1024w, https:\/\/galeriejakubska.com\/wp-content\/uploads\/2021\/08\/IMG_9474-2-768x421.jpg 768w, https:\/\/galeriejakubska.com\/wp-content\/uploads\/2021\/08\/IMG_9474-2-1536x842.jpg 1536w, https:\/\/galeriejakubska.com\/wp-content\/uploads\/2021\/08\/IMG_9474-2-16x9.jpg 16w\" sizes=\"auto, (max-width: 1683px) 100vw, 1683px\" \/>\t\t\t\t\t\t\t\t\t\t\t\t\t\t<\/div>\n\t\t\t\t\t\t<\/div>\n\t\t\t\t<\/div>\n\t\t\t\t\t\t<\/div>\n\t\t\t\t\t<\/div>\n\t\t<\/div>\n\t\t\t\t\t\t\t\t<\/div>\n\t\t\t\t\t<\/div>\n\t\t<\/section>\n\t\t\t\t<section class=\"elementor-section elementor-top-section elementor-element elementor-element-af97b97 elementor-section-boxed elementor-section-height-default elementor-section-height-default\" data-id=\"af97b97\" data-element_type=\"section\" data-settings=\"{&quot;background_background&quot;:&quot;classic&quot;}\">\n\t\t\t\t\t\t<div class=\"elementor-container elementor-column-gap-default\">\n\t\t\t\t\t\t\t<div class=\"elementor-row\">\n\t\t\t\t\t<div class=\"elementor-column elementor-col-100 elementor-top-column elementor-element elementor-element-9a6bfe8\" data-id=\"9a6bfe8\" data-element_type=\"column\">\n\t\t\t<div class=\"elementor-column-wrap elementor-element-populated\">\n\t\t\t\t\t\t\t<div class=\"elementor-widget-wrap\">\n\t\t\t\t\t\t<div class=\"elementor-element elementor-element-1375a36 elementor-widget elementor-widget-spacer\" data-id=\"1375a36\" data-element_type=\"widget\" data-widget_type=\"spacer.default\">\n\t\t\t\t<div class=\"elementor-widget-container\">\n\t\t\t\t\t<div class=\"elementor-spacer\">\n\t\t\t<div class=\"elementor-spacer-inner\"><\/div>\n\t\t<\/div>\n\t\t\t\t<\/div>\n\t\t\t\t<\/div>\n\t\t\t\t\t\t<\/div>\n\t\t\t\t\t<\/div>\n\t\t<\/div>\n\t\t\t\t\t\t\t\t<\/div>\n\t\t\t\t\t<\/div>\n\t\t<\/section>\n\t\t\t\t<section class=\"elementor-section elementor-top-section elementor-element elementor-element-06627f7 elementor-section-boxed elementor-section-height-default elementor-section-height-default\" data-id=\"06627f7\" data-element_type=\"section\" data-settings=\"{&quot;background_background&quot;:&quot;classic&quot;}\">\n\t\t\t\t\t\t<div class=\"elementor-container elementor-column-gap-default\">\n\t\t\t\t\t\t\t<div class=\"elementor-row\">\n\t\t\t\t\t<div class=\"elementor-column elementor-col-100 elementor-top-column elementor-element elementor-element-be0ebfd\" data-id=\"be0ebfd\" data-element_type=\"column\">\n\t\t\t<div class=\"elementor-column-wrap elementor-element-populated\">\n\t\t\t\t\t\t\t<div class=\"elementor-widget-wrap\">\n\t\t\t\t\t\t<div class=\"elementor-element elementor-element-52e443d elementor-widget elementor-widget-ova_heading\" data-id=\"52e443d\" data-element_type=\"widget\" data-widget_type=\"ova_heading.default\">\n\t\t\t\t<div class=\"elementor-widget-container\">\n\t\t\t\t\t<div class=\"ova_heading\">\n\t\t\t\t\t\t\t<h1 class=\"heading_title second_font\">Auto\u0159i<\/h1>\n\t\t\t\t\t\t\t\t<\/div>\n\t\t\t\t<\/div>\n\t\t\t\t<\/div>\n\t\t\t\t\t\t<\/div>\n\t\t\t\t\t<\/div>\n\t\t<\/div>\n\t\t\t\t\t\t\t\t<\/div>\n\t\t\t\t\t<\/div>\n\t\t<\/section>\n\t\t\t\t<section class=\"elementor-section elementor-top-section elementor-element elementor-element-dacda8e elementor-section-boxed elementor-section-height-default elementor-section-height-default\" data-id=\"dacda8e\" data-element_type=\"section\" data-settings=\"{&quot;background_background&quot;:&quot;classic&quot;}\">\n\t\t\t\t\t\t<div class=\"elementor-container elementor-column-gap-default\">\n\t\t\t\t\t\t\t<div class=\"elementor-row\">\n\t\t\t\t\t<div class=\"elementor-column elementor-col-100 elementor-top-column elementor-element elementor-element-fdfd999\" data-id=\"fdfd999\" data-element_type=\"column\">\n\t\t\t<div class=\"elementor-column-wrap elementor-element-populated\">\n\t\t\t\t\t\t\t<div class=\"elementor-widget-wrap\">\n\t\t\t\t\t\t<div class=\"elementor-element elementor-element-17c3926 elementor-widget elementor-widget-ova_artists\" data-id=\"17c3926\" data-element_type=\"widget\" data-widget_type=\"ova_artists.default\">\n\t\t\t\t<div class=\"elementor-widget-container\">\n\t\t\t\n\t\t<div class=\"container\">\n\t\t\t<div class=\"row\">\n\t\t\t\t<div class=\"archive_artist elementor-artists\">\n\n\t\t\t\t\t<div class=\"content\">\n\t\t\t\t\t\t\n\t\t\t\t\t\t\t<div class=\"items elementor-items\">\n\t\t\t\t\t\t\t\t\n\n\t\t\t\t\t\t\t\t<a class=\"img\" href=\"https:\/\/galeriejakubska.com\/cs\/artist\/onishenko\/\">\n\t\t\t\t\t\t\t\t\t<img loading=\"lazy\" decoding=\"async\" width=\"585\" height=\"590\" src=\"https:\/\/galeriejakubska.com\/wp-content\/uploads\/2020\/06\/24174226_10156061808589078_1019309403130219080_n-1.jpg\" class=\"attachment-post-thumbnail size-post-thumbnail wp-post-image\" alt=\"\" srcset=\"https:\/\/galeriejakubska.com\/wp-content\/uploads\/2020\/06\/24174226_10156061808589078_1019309403130219080_n-1.jpg 585w, https:\/\/galeriejakubska.com\/wp-content\/uploads\/2020\/06\/24174226_10156061808589078_1019309403130219080_n-1-297x300.jpg 297w, https:\/\/galeriejakubska.com\/wp-content\/uploads\/2020\/06\/24174226_10156061808589078_1019309403130219080_n-1-150x150.jpg 150w\" sizes=\"auto, (max-width: 585px) 100vw, 585px\" \/>\t\t\t\t\t\t\t\t<\/a>\n\n\t\t\t\t\t\t\t\t<a class=\"name second_font\" href=\"https:\/\/galeriejakubska.com\/cs\/artist\/onishenko\/\">\n\t\t\t\t\t\t\t\t\tAlexandr Onishenko\t\t\t\t\t\t\t\t<\/a>\n\n\n\t\t\t\t\t\t\t\t\t\t\t\t\t\t\t\t\t<div class=\"skill\"> \n\t\t\t\t\t\t\t\t\t\tPainter, Founder \/ Czech Republic\t\t\t\t\t\t\t\t\t<\/div>\n\t\t\t\t\t\t\t\t\n\t\t\t\t\t\t\t\t<div class=\"contact\">\n\t\t\t\t\t\t\t\t\t\n\t\t\t\t\t\t\t\t\t\t\t\t\t\t\t\t\t<\/div>\n\n\t\t\t\t\t\t\t<\/div>\n\n\t\t\t\t\t\t\n\t\t\t\t\t\t\t<div class=\"items elementor-items\">\n\t\t\t\t\t\t\t\t\n\n\t\t\t\t\t\t\t\t<a class=\"img\" href=\"https:\/\/galeriejakubska.com\/cs\/artist\/vitalina-forostovets\/\">\n\t\t\t\t\t\t\t\t\t<img loading=\"lazy\" decoding=\"async\" width=\"585\" height=\"590\" src=\"https:\/\/galeriejakubska.com\/wp-content\/uploads\/2020\/06\/Vit_foto.jpg\" class=\"attachment-post-thumbnail size-post-thumbnail wp-post-image\" alt=\"\" srcset=\"https:\/\/galeriejakubska.com\/wp-content\/uploads\/2020\/06\/Vit_foto.jpg 585w, https:\/\/galeriejakubska.com\/wp-content\/uploads\/2020\/06\/Vit_foto-297x300.jpg 297w, https:\/\/galeriejakubska.com\/wp-content\/uploads\/2020\/06\/Vit_foto-150x150.jpg 150w\" sizes=\"auto, (max-width: 585px) 100vw, 585px\" \/>\t\t\t\t\t\t\t\t<\/a>\n\n\t\t\t\t\t\t\t\t<a class=\"name second_font\" href=\"https:\/\/galeriejakubska.com\/cs\/artist\/vitalina-forostovets\/\">\n\t\t\t\t\t\t\t\t\tVitalina Forostovets\t\t\t\t\t\t\t\t<\/a>\n\n\n\t\t\t\t\t\t\t\t\t\t\t\t\t\t\t\t\t<div class=\"skill\"> \n\t\t\t\t\t\t\t\t\t\tPainter \/ Ukraine\t\t\t\t\t\t\t\t\t<\/div>\n\t\t\t\t\t\t\t\t\n\t\t\t\t\t\t\t\t<div class=\"contact\">\n\t\t\t\t\t\t\t\t\t\n\t\t\t\t\t\t\t\t\t\t\t\t\t\t\t\t\t<\/div>\n\n\t\t\t\t\t\t\t<\/div>\n\n\t\t\t\t\t\t\n\t\t\t\t\t\t\t<div class=\"items elementor-items\">\n\t\t\t\t\t\t\t\t\n\n\t\t\t\t\t\t\t\t<a class=\"img\" href=\"https:\/\/galeriejakubska.com\/cs\/artist\/laszlo-kutas\/\">\n\t\t\t\t\t\t\t\t\t<img loading=\"lazy\" decoding=\"async\" width=\"585\" height=\"590\" src=\"https:\/\/galeriejakubska.com\/wp-content\/uploads\/2020\/06\/IMG_2717.jpg\" class=\"attachment-post-thumbnail size-post-thumbnail wp-post-image\" alt=\"\" srcset=\"https:\/\/galeriejakubska.com\/wp-content\/uploads\/2020\/06\/IMG_2717.jpg 585w, https:\/\/galeriejakubska.com\/wp-content\/uploads\/2020\/06\/IMG_2717-297x300.jpg 297w, https:\/\/galeriejakubska.com\/wp-content\/uploads\/2020\/06\/IMG_2717-150x150.jpg 150w\" sizes=\"auto, (max-width: 585px) 100vw, 585px\" \/>\t\t\t\t\t\t\t\t<\/a>\n\n\t\t\t\t\t\t\t\t<a class=\"name second_font\" href=\"https:\/\/galeriejakubska.com\/cs\/artist\/laszlo-kutas\/\">\n\t\t\t\t\t\t\t\t\tL\u00e1szl\u00f3 Kutas\t\t\t\t\t\t\t\t<\/a>\n\n\n\t\t\t\t\t\t\t\t\t\t\t\t\t\t\t\t\t<div class=\"skill\"> \n\t\t\t\t\t\t\t\t\t\tSculptor \/ Hungary\t\t\t\t\t\t\t\t\t<\/div>\n\t\t\t\t\t\t\t\t\n\t\t\t\t\t\t\t\t<div class=\"contact\">\n\t\t\t\t\t\t\t\t\t\n\t\t\t\t\t\t\t\t\t\t\t\t\t\t\t\t\t<\/div>\n\n\t\t\t\t\t\t\t<\/div>\n\n\t\t\t\t\t\t\t\t\t\t\t<\/div>\n\n\t\t\t\t<\/div>\n\t\t\t<\/div>\n\t\t<\/div>\n\n\t\t\t\t<\/div>\n\t\t\t\t<\/div>\n\t\t\t\t\t\t<\/div>\n\t\t\t\t\t<\/div>\n\t\t<\/div>\n\t\t\t\t\t\t\t\t<\/div>\n\t\t\t\t\t<\/div>\n\t\t<\/section>\n\t\t\t\t<section class=\"elementor-section elementor-top-section elementor-element elementor-element-75d04a0 elementor-section-boxed elementor-section-height-default elementor-section-height-default\" data-id=\"75d04a0\" data-element_type=\"section\">\n\t\t\t\t\t\t<div class=\"elementor-container elementor-column-gap-default\">\n\t\t\t\t\t\t\t<div class=\"elementor-row\">\n\t\t\t\t\t<div class=\"elementor-column elementor-col-100 elementor-top-column elementor-element elementor-element-7e91c23\" data-id=\"7e91c23\" data-element_type=\"column\">\n\t\t\t<div class=\"elementor-column-wrap elementor-element-populated\">\n\t\t\t\t\t\t\t<div class=\"elementor-widget-wrap\">\n\t\t\t\t\t\t<div class=\"elementor-element elementor-element-755c29d elementor-widget elementor-widget-html\" data-id=\"755c29d\" data-element_type=\"widget\" data-widget_type=\"html.default\">\n\t\t\t\t<div class=\"elementor-widget-container\">\n\t\t\t<!-- Elfsight Google Reviews | Untitled Google Reviews -->\r\n<script src=\"https:\/\/elfsightcdn.com\/platform.js\" async><\/script>\r\n<div class=\"elfsight-app-1f28d055-12c0-464a-82d3-c870b851160a\" data-elfsight-app-lazy><\/div>\t\t<\/div>\n\t\t\t\t<\/div>\n\t\t\t\t\t\t<\/div>\n\t\t\t\t\t<\/div>\n\t\t<\/div>\n\t\t\t\t\t\t\t\t<\/div>\n\t\t\t\t\t<\/div>\n\t\t<\/section>\n\t\t\t\t\t\t<\/div>\n\t\t\t\t\t\t<\/div>\n\t\t\t\t\t<\/div>","protected":false},"excerpt":{"rendered":"<p>Mission and History New epoch of Gallery \u201cJakubsk\u00e1\u201d In 2020 Gallery \u201cJakubsk\u00e1\u201d entered a new epoch in the heart of the magical Lesser Town in the Hartigovsky palace.\u00a0 Gallery \u201cJakubsk\u00e1\u201d was established in 1994 in the common, but unusual apartment in Prague. In the 19th century, it used to be a shoe shop and Alexander [&hellip;]<\/p>\n","protected":false},"author":1,"featured_media":0,"parent":0,"menu_order":0,"comment_status":"closed","ping_status":"closed","template":"elementor_header_footer","meta":{"footnotes":""},"class_list":["post-133","page","type-page","status-publish","hentry"],"aioseo_notices":[],"_links":{"self":[{"href":"https:\/\/galeriejakubska.com\/cs\/wp-json\/wp\/v2\/pages\/133","targetHints":{"allow":["GET"]}}],"collection":[{"href":"https:\/\/galeriejakubska.com\/cs\/wp-json\/wp\/v2\/pages"}],"about":[{"href":"https:\/\/galeriejakubska.com\/cs\/wp-json\/wp\/v2\/types\/page"}],"author":[{"embeddable":true,"href":"https:\/\/galeriejakubska.com\/cs\/wp-json\/wp\/v2\/users\/1"}],"replies":[{"embeddable":true,"href":"https:\/\/galeriejakubska.com\/cs\/wp-json\/wp\/v2\/comments?post=133"}],"version-history":[{"count":90,"href":"https:\/\/galeriejakubska.com\/cs\/wp-json\/wp\/v2\/pages\/133\/revisions"}],"predecessor-version":[{"id":10172,"href":"https:\/\/galeriejakubska.com\/cs\/wp-json\/wp\/v2\/pages\/133\/revisions\/10172"}],"wp:attachment":[{"href":"https:\/\/galeriejakubska.com\/cs\/wp-json\/wp\/v2\/media?parent=133"}],"curies":[{"name":"wp","href":"https:\/\/api.w.org\/{rel}","templated":true}]}}