{"id":1688,"date":"2019-01-26T01:52:25","date_gmt":"2019-01-26T01:52:25","guid":{"rendered":"http:\/\/demo.ovathemes.com\/muzze\/?page_id=1688"},"modified":"2022-01-20T23:49:10","modified_gmt":"2022-01-20T20:49:10","slug":"master-class","status":"publish","type":"page","link":"https:\/\/galeriejakubska.com\/cs\/master-class\/","title":{"rendered":"Master Class"},"content":{"rendered":"<div data-elementor-type=\"wp-post\" data-elementor-id=\"1688\" data-post-id=\"1688\" data-obj-id=\"1688\" class=\"elementor elementor-1688 dce-elementor-post-1688\" data-elementor-settings=\"[]\">\n\t\t\t\t\t\t<div class=\"elementor-inner\">\n\t\t\t\t\t\t\t<div class=\"elementor-section-wrap\">\n\t\t\t\t\t\t\t<section class=\"elementor-section elementor-top-section elementor-element elementor-element-041979d elementor-section-full_width elementor-section-height-default elementor-section-height-default\" data-id=\"041979d\" data-element_type=\"section\">\n\t\t\t\t\t\t<div class=\"elementor-container elementor-column-gap-default\">\n\t\t\t\t\t\t\t<div class=\"elementor-row\">\n\t\t\t\t\t<div class=\"elementor-column elementor-col-100 elementor-top-column elementor-element elementor-element-a382a83\" data-id=\"a382a83\" data-element_type=\"column\">\n\t\t\t<div class=\"elementor-column-wrap elementor-element-populated\">\n\t\t\t\t\t\t\t<div class=\"elementor-widget-wrap\">\n\t\t\t\t\t\t<div class=\"elementor-element elementor-element-f91214b elementor-widget elementor-widget-ova_heading_page\" data-id=\"f91214b\" data-element_type=\"widget\" data-widget_type=\"ova_heading_page.default\">\n\t\t\t\t<div class=\"elementor-widget-container\">\n\t\t\t\n\t\t<section class=\"heading-page\" style=\"background-image: url(https:\/\/galeriejakubska.com\/wp-content\/uploads\/2020\/07\/50699192_488349201692324_2890508647996063744_o.jpg)\" >\n\t\t\t<div class=\"container\">\n\t\t\t\t<div class=\"cta-content\">\n\t\t\t\t\t\t\t\t\t\t\t<h2 class=\"second_font\">Master Class<\/h2>\n\t\t\t\t\t\t\t\t\t\t\n\t\t\t\t<\/div>\n\t\t\t<\/div>\n\t\t<\/section>\n\n\t\t\t<\/div>\n\t\t\t\t<\/div>\n\t\t\t\t\t\t<\/div>\n\t\t\t\t\t<\/div>\n\t\t<\/div>\n\t\t\t\t\t\t\t\t<\/div>\n\t\t\t\t\t<\/div>\n\t\t<\/section>\n\t\t\t\t<section class=\"elementor-section elementor-top-section elementor-element elementor-element-3d158a2 elementor-section-boxed elementor-section-height-default elementor-section-height-default\" data-id=\"3d158a2\" data-element_type=\"section\" data-settings=\"{&quot;background_background&quot;:&quot;classic&quot;}\">\n\t\t\t\t\t\t<div class=\"elementor-container elementor-column-gap-default\">\n\t\t\t\t\t\t\t<div class=\"elementor-row\">\n\t\t\t\t\t<div class=\"elementor-column elementor-col-100 elementor-top-column elementor-element elementor-element-a700695\" data-id=\"a700695\" data-element_type=\"column\">\n\t\t\t<div class=\"elementor-column-wrap elementor-element-populated\">\n\t\t\t\t\t\t\t<div class=\"elementor-widget-wrap\">\n\t\t\t\t\t\t<div class=\"elementor-element elementor-element-120176d elementor-widget elementor-widget-heading\" data-id=\"120176d\" data-element_type=\"widget\" data-widget_type=\"heading.default\">\n\t\t\t\t<div class=\"elementor-widget-container\">\n\t\t\t<h2 class=\"elementor-heading-title elementor-size-default\">Tajemstv\u00ed \u010dern\u00e9ho pl\u00e1tna<\/h2>\t\t<\/div>\n\t\t\t\t<\/div>\n\t\t\t\t<div class=\"elementor-element elementor-element-8ac9cab elementor-widget elementor-widget-spacer\" data-id=\"8ac9cab\" data-element_type=\"widget\" data-widget_type=\"spacer.default\">\n\t\t\t\t<div class=\"elementor-widget-container\">\n\t\t\t\t\t<div class=\"elementor-spacer\">\n\t\t\t<div class=\"elementor-spacer-inner\"><\/div>\n\t\t<\/div>\n\t\t\t\t<\/div>\n\t\t\t\t<\/div>\n\t\t\t\t<div class=\"elementor-element elementor-element-7640729 elementor-widget elementor-widget-text-editor\" data-id=\"7640729\" data-element_type=\"widget\" data-widget_type=\"text-editor.default\">\n\t\t\t\t<div class=\"elementor-widget-container\">\n\t\t\t\t\t\t\t\t<div class=\"elementor-text-editor elementor-clearfix\">\n\t\t\t\t\t<p>Alexandr Onishenko has unique technique of painting on the Black Canvas, which he produces by special, invanted himsel technology. Due to big quantity of his art admirers and persons interested in his unique technique, Alexandr decided to help students to further develop as artists through his Master Classes. Now you have possibility to open \u201cThe Secret of the Black Canvas\u201d.<\/p>\t\t\t\t\t<\/div>\n\t\t\t\t\t\t<\/div>\n\t\t\t\t<\/div>\n\t\t\t\t\t\t<\/div>\n\t\t\t\t\t<\/div>\n\t\t<\/div>\n\t\t\t\t\t\t\t\t<\/div>\n\t\t\t\t\t<\/div>\n\t\t<\/section>\n\t\t\t\t<section class=\"elementor-section elementor-top-section elementor-element elementor-element-bca91ff elementor-section-boxed elementor-section-height-default elementor-section-height-default\" data-id=\"bca91ff\" data-element_type=\"section\" data-settings=\"{&quot;background_background&quot;:&quot;classic&quot;}\">\n\t\t\t\t\t\t<div class=\"elementor-container elementor-column-gap-default\">\n\t\t\t\t\t\t\t<div class=\"elementor-row\">\n\t\t\t\t\t<div class=\"elementor-column elementor-col-100 elementor-top-column elementor-element elementor-element-c32bab8\" data-id=\"c32bab8\" data-element_type=\"column\">\n\t\t\t<div class=\"elementor-column-wrap elementor-element-populated\">\n\t\t\t\t\t\t\t<div class=\"elementor-widget-wrap\">\n\t\t\t\t\t\t<div class=\"elementor-element elementor-element-57cdc38 elementor-widget elementor-widget-text-editor\" data-id=\"57cdc38\" data-element_type=\"widget\" data-widget_type=\"text-editor.default\">\n\t\t\t\t<div class=\"elementor-widget-container\">\n\t\t\t\t\t\t\t\t<div class=\"elementor-text-editor elementor-clearfix\">\n\t\t\t\t\t<p>\u00a0<\/p><h5>For more information click on the button below<\/h5>\t\t\t\t\t<\/div>\n\t\t\t\t\t\t<\/div>\n\t\t\t\t<\/div>\n\t\t\t\t<div class=\"elementor-element elementor-element-f77c532 elementor-align-center elementor-button-info elementor-widget elementor-widget-button\" data-id=\"f77c532\" data-element_type=\"widget\" data-widget_type=\"button.default\">\n\t\t\t\t<div class=\"elementor-widget-container\">\n\t\t\t\t\t<div class=\"elementor-button-wrapper\">\n\t\t\t<a href=\"https:\/\/blackcanvas.cz\/\" class=\"elementor-button-link elementor-button elementor-size-sm\" role=\"button\">\n\t\t\t\t\t\t<span class=\"elementor-button-content-wrapper\">\n\t\t\t\t\t\t<span class=\"elementor-button-text\"> VISIT BLACK CANVAS SCHOOL<\/span>\n\t\t<\/span>\n\t\t\t\t\t<\/a>\n\t\t<\/div>\n\t\t\t\t<\/div>\n\t\t\t\t<\/div>\n\t\t\t\t\t\t<\/div>\n\t\t\t\t\t<\/div>\n\t\t<\/div>\n\t\t\t\t\t\t\t\t<\/div>\n\t\t\t\t\t<\/div>\n\t\t<\/section>\n\t\t\t\t<section class=\"elementor-section elementor-top-section elementor-element elementor-element-09b6775 elementor-section-boxed elementor-section-height-default elementor-section-height-default\" data-id=\"09b6775\" data-element_type=\"section\" data-settings=\"{&quot;background_background&quot;:&quot;classic&quot;}\">\n\t\t\t\t\t\t<div class=\"elementor-container elementor-column-gap-default\">\n\t\t\t\t\t\t\t<div class=\"elementor-row\">\n\t\t\t\t\t<div class=\"elementor-column elementor-col-100 elementor-top-column elementor-element elementor-element-b1d94f2\" data-id=\"b1d94f2\" data-element_type=\"column\">\n\t\t\t<div class=\"elementor-column-wrap elementor-element-populated\">\n\t\t\t\t\t\t\t<div class=\"elementor-widget-wrap\">\n\t\t\t\t\t\t<div class=\"elementor-element elementor-element-952d3d3 elementor-widget elementor-widget-spacer\" data-id=\"952d3d3\" data-element_type=\"widget\" data-widget_type=\"spacer.default\">\n\t\t\t\t<div class=\"elementor-widget-container\">\n\t\t\t\t\t<div class=\"elementor-spacer\">\n\t\t\t<div class=\"elementor-spacer-inner\"><\/div>\n\t\t<\/div>\n\t\t\t\t<\/div>\n\t\t\t\t<\/div>\n\t\t\t\t\t\t<\/div>\n\t\t\t\t\t<\/div>\n\t\t<\/div>\n\t\t\t\t\t\t\t\t<\/div>\n\t\t\t\t\t<\/div>\n\t\t<\/section>\n\t\t\t\t<section class=\"elementor-section elementor-top-section elementor-element elementor-element-51138f6 elementor-section-boxed elementor-section-height-default elementor-section-height-default\" data-id=\"51138f6\" data-element_type=\"section\" data-settings=\"{&quot;background_background&quot;:&quot;classic&quot;}\">\n\t\t\t\t\t\t<div class=\"elementor-container elementor-column-gap-default\">\n\t\t\t\t\t\t\t<div class=\"elementor-row\">\n\t\t\t\t\t<div class=\"elementor-column elementor-col-33 elementor-top-column elementor-element elementor-element-ef6463e\" data-id=\"ef6463e\" data-element_type=\"column\">\n\t\t\t<div class=\"elementor-column-wrap elementor-element-populated\">\n\t\t\t\t\t\t\t<div class=\"elementor-widget-wrap\">\n\t\t\t\t\t\t<div class=\"elementor-element elementor-element-41ff7e2 dce_masking-none elementor-widget elementor-widget-image\" data-id=\"41ff7e2\" data-element_type=\"widget\" data-widget_type=\"image.default\">\n\t\t\t\t<div class=\"elementor-widget-container\">\n\t\t\t\t\t\t\t\t<div class=\"elementor-image\">\n\t\t\t\t\t\t\t\t\t\t\t\t<img loading=\"lazy\" decoding=\"async\" width=\"1024\" height=\"1024\" src=\"https:\/\/galeriejakubska.com\/wp-content\/uploads\/2020\/05\/84039330_727805867746655_3886065673318694912_o-1024x1024.jpg\" class=\"attachment-large size-large\" alt=\"\" srcset=\"https:\/\/galeriejakubska.com\/wp-content\/uploads\/2020\/05\/84039330_727805867746655_3886065673318694912_o-1024x1024.jpg 1024w, https:\/\/galeriejakubska.com\/wp-content\/uploads\/2020\/05\/84039330_727805867746655_3886065673318694912_o-300x300.jpg 300w, https:\/\/galeriejakubska.com\/wp-content\/uploads\/2020\/05\/84039330_727805867746655_3886065673318694912_o-150x150.jpg 150w, https:\/\/galeriejakubska.com\/wp-content\/uploads\/2020\/05\/84039330_727805867746655_3886065673318694912_o-768x768.jpg 768w, https:\/\/galeriejakubska.com\/wp-content\/uploads\/2020\/05\/84039330_727805867746655_3886065673318694912_o-600x600.jpg 600w, https:\/\/galeriejakubska.com\/wp-content\/uploads\/2020\/05\/84039330_727805867746655_3886065673318694912_o-100x100.jpg 100w, https:\/\/galeriejakubska.com\/wp-content\/uploads\/2020\/05\/84039330_727805867746655_3886065673318694912_o.jpg 1440w\" sizes=\"auto, (max-width: 1024px) 100vw, 1024px\" \/>\t\t\t\t\t\t\t\t\t\t\t\t\t\t<\/div>\n\t\t\t\t\t\t<\/div>\n\t\t\t\t<\/div>\n\t\t\t\t\t\t<\/div>\n\t\t\t\t\t<\/div>\n\t\t<\/div>\n\t\t\t\t<div class=\"elementor-column elementor-col-33 elementor-top-column elementor-element elementor-element-837fd6e\" data-id=\"837fd6e\" data-element_type=\"column\">\n\t\t\t<div class=\"elementor-column-wrap elementor-element-populated\">\n\t\t\t\t\t\t\t<div class=\"elementor-widget-wrap\">\n\t\t\t\t\t\t<div class=\"elementor-element elementor-element-56d8c9e dce_masking-none elementor-widget elementor-widget-image\" data-id=\"56d8c9e\" data-element_type=\"widget\" data-widget_type=\"image.default\">\n\t\t\t\t<div class=\"elementor-widget-container\">\n\t\t\t\t\t\t\t\t<div class=\"elementor-image\">\n\t\t\t\t\t\t\t\t\t\t\t\t<img loading=\"lazy\" decoding=\"async\" width=\"1024\" height=\"1024\" src=\"https:\/\/galeriejakubska.com\/wp-content\/uploads\/2020\/05\/78894430_677140869479822_3400533342926405632_o-1024x1024.jpg\" class=\"attachment-large size-large\" alt=\"\" srcset=\"https:\/\/galeriejakubska.com\/wp-content\/uploads\/2020\/05\/78894430_677140869479822_3400533342926405632_o-1024x1024.jpg 1024w, https:\/\/galeriejakubska.com\/wp-content\/uploads\/2020\/05\/78894430_677140869479822_3400533342926405632_o-300x300.jpg 300w, https:\/\/galeriejakubska.com\/wp-content\/uploads\/2020\/05\/78894430_677140869479822_3400533342926405632_o-150x150.jpg 150w, https:\/\/galeriejakubska.com\/wp-content\/uploads\/2020\/05\/78894430_677140869479822_3400533342926405632_o-768x768.jpg 768w, https:\/\/galeriejakubska.com\/wp-content\/uploads\/2020\/05\/78894430_677140869479822_3400533342926405632_o-600x600.jpg 600w, https:\/\/galeriejakubska.com\/wp-content\/uploads\/2020\/05\/78894430_677140869479822_3400533342926405632_o-100x100.jpg 100w, https:\/\/galeriejakubska.com\/wp-content\/uploads\/2020\/05\/78894430_677140869479822_3400533342926405632_o.jpg 1440w\" sizes=\"auto, (max-width: 1024px) 100vw, 1024px\" \/>\t\t\t\t\t\t\t\t\t\t\t\t\t\t<\/div>\n\t\t\t\t\t\t<\/div>\n\t\t\t\t<\/div>\n\t\t\t\t\t\t<\/div>\n\t\t\t\t\t<\/div>\n\t\t<\/div>\n\t\t\t\t<div class=\"elementor-column elementor-col-33 elementor-top-column elementor-element elementor-element-b70bc5b\" data-id=\"b70bc5b\" data-element_type=\"column\">\n\t\t\t<div class=\"elementor-column-wrap elementor-element-populated\">\n\t\t\t\t\t\t\t<div class=\"elementor-widget-wrap\">\n\t\t\t\t\t\t<div class=\"elementor-element elementor-element-c96e50b dce_masking-none elementor-widget elementor-widget-image\" data-id=\"c96e50b\" data-element_type=\"widget\" data-widget_type=\"image.default\">\n\t\t\t\t<div class=\"elementor-widget-container\">\n\t\t\t\t\t\t\t\t<div class=\"elementor-image\">\n\t\t\t\t\t\t\t\t\t\t\t\t<img loading=\"lazy\" decoding=\"async\" width=\"1024\" height=\"1024\" src=\"https:\/\/galeriejakubska.com\/wp-content\/uploads\/2020\/05\/84207140_751548078705767_1127558610327437312_o-1024x1024.jpg\" class=\"attachment-large size-large\" alt=\"\" srcset=\"https:\/\/galeriejakubska.com\/wp-content\/uploads\/2020\/05\/84207140_751548078705767_1127558610327437312_o-1024x1024.jpg 1024w, https:\/\/galeriejakubska.com\/wp-content\/uploads\/2020\/05\/84207140_751548078705767_1127558610327437312_o-300x300.jpg 300w, https:\/\/galeriejakubska.com\/wp-content\/uploads\/2020\/05\/84207140_751548078705767_1127558610327437312_o-150x150.jpg 150w, https:\/\/galeriejakubska.com\/wp-content\/uploads\/2020\/05\/84207140_751548078705767_1127558610327437312_o-768x768.jpg 768w, https:\/\/galeriejakubska.com\/wp-content\/uploads\/2020\/05\/84207140_751548078705767_1127558610327437312_o-600x600.jpg 600w, https:\/\/galeriejakubska.com\/wp-content\/uploads\/2020\/05\/84207140_751548078705767_1127558610327437312_o-100x100.jpg 100w, https:\/\/galeriejakubska.com\/wp-content\/uploads\/2020\/05\/84207140_751548078705767_1127558610327437312_o.jpg 1440w\" sizes=\"auto, (max-width: 1024px) 100vw, 1024px\" \/>\t\t\t\t\t\t\t\t\t\t\t\t\t\t<\/div>\n\t\t\t\t\t\t<\/div>\n\t\t\t\t<\/div>\n\t\t\t\t\t\t<\/div>\n\t\t\t\t\t<\/div>\n\t\t<\/div>\n\t\t\t\t\t\t\t\t<\/div>\n\t\t\t\t\t<\/div>\n\t\t<\/section>\n\t\t\t\t<section class=\"elementor-section elementor-top-section elementor-element elementor-element-b42444d elementor-section-boxed elementor-section-height-default elementor-section-height-default\" data-id=\"b42444d\" data-element_type=\"section\" data-settings=\"{&quot;background_background&quot;:&quot;classic&quot;}\">\n\t\t\t\t\t\t<div class=\"elementor-container elementor-column-gap-default\">\n\t\t\t\t\t\t\t<div class=\"elementor-row\">\n\t\t\t\t\t<div class=\"elementor-column elementor-col-100 elementor-top-column elementor-element elementor-element-b23b2d8\" data-id=\"b23b2d8\" data-element_type=\"column\">\n\t\t\t<div class=\"elementor-column-wrap\">\n\t\t\t\t\t\t\t<div class=\"elementor-widget-wrap\">\n\t\t\t\t\t\t\t\t<\/div>\n\t\t\t\t\t<\/div>\n\t\t<\/div>\n\t\t\t\t\t\t\t\t<\/div>\n\t\t\t\t\t<\/div>\n\t\t<\/section>\n\t\t\t\t\t\t<\/div>\n\t\t\t\t\t\t<\/div>\n\t\t\t\t\t<\/div>","protected":false},"excerpt":{"rendered":"<p>Master Class The Secret of Black Canvas Alexandr Onishenko has unique technique of painting on the Black Canvas, which he produces by special, invanted himsel technology. Due to big quantity of his art admirers and persons interested in his unique technique, Alexandr decided to help students to further develop as artists through his Master Classes. [&hellip;]<\/p>\n","protected":false},"author":1,"featured_media":0,"parent":0,"menu_order":0,"comment_status":"closed","ping_status":"closed","template":"elementor_header_footer","meta":{"footnotes":""},"class_list":["post-1688","page","type-page","status-publish","hentry"],"aioseo_notices":[],"_links":{"self":[{"href":"https:\/\/galeriejakubska.com\/cs\/wp-json\/wp\/v2\/pages\/1688","targetHints":{"allow":["GET"]}}],"collection":[{"href":"https:\/\/galeriejakubska.com\/cs\/wp-json\/wp\/v2\/pages"}],"about":[{"href":"https:\/\/galeriejakubska.com\/cs\/wp-json\/wp\/v2\/types\/page"}],"author":[{"embeddable":true,"href":"https:\/\/galeriejakubska.com\/cs\/wp-json\/wp\/v2\/users\/1"}],"replies":[{"embeddable":true,"href":"https:\/\/galeriejakubska.com\/cs\/wp-json\/wp\/v2\/comments?post=1688"}],"version-history":[{"count":42,"href":"https:\/\/galeriejakubska.com\/cs\/wp-json\/wp\/v2\/pages\/1688\/revisions"}],"predecessor-version":[{"id":8693,"href":"https:\/\/galeriejakubska.com\/cs\/wp-json\/wp\/v2\/pages\/1688\/revisions\/8693"}],"wp:attachment":[{"href":"https:\/\/galeriejakubska.com\/cs\/wp-json\/wp\/v2\/media?parent=1688"}],"curies":[{"name":"wp","href":"https:\/\/api.w.org\/{rel}","templated":true}]}}