{"id":2469,"date":"2019-01-31T06:28:56","date_gmt":"2019-01-31T06:28:56","guid":{"rendered":"http:\/\/demo.ovathemes.com\/muzze\/?page_id=2469"},"modified":"2022-01-21T16:25:14","modified_gmt":"2022-01-21T13:25:14","slug":"exhibition-modern","status":"publish","type":"page","link":"https:\/\/galeriejakubska.com\/cs\/exhibition-modern\/","title":{"rendered":"Exhibition Modern"},"content":{"rendered":"<div data-elementor-type=\"wp-post\" data-elementor-id=\"2469\" data-post-id=\"2469\" data-obj-id=\"2469\" class=\"elementor elementor-2469 dce-elementor-post-2469\" data-elementor-settings=\"[]\">\n\t\t\t\t\t\t<div class=\"elementor-inner\">\n\t\t\t\t\t\t\t<div class=\"elementor-section-wrap\">\n\t\t\t\t\t\t\t<section class=\"elementor-section elementor-top-section elementor-element elementor-element-27ec05e elementor-section-full_width elementor-section-height-default elementor-section-height-default\" data-id=\"27ec05e\" data-element_type=\"section\">\n\t\t\t\t\t\t<div class=\"elementor-container elementor-column-gap-default\">\n\t\t\t\t\t\t\t<div class=\"elementor-row\">\n\t\t\t\t\t<div class=\"elementor-column elementor-col-100 elementor-top-column elementor-element elementor-element-f989580\" data-id=\"f989580\" data-element_type=\"column\">\n\t\t\t<div class=\"elementor-column-wrap elementor-element-populated\">\n\t\t\t\t\t\t\t<div class=\"elementor-widget-wrap\">\n\t\t\t\t\t\t<div class=\"elementor-element elementor-element-fb345ed elementor-widget elementor-widget-ova_heading_page\" data-id=\"fb345ed\" data-element_type=\"widget\" data-widget_type=\"ova_heading_page.default\">\n\t\t\t\t<div class=\"elementor-widget-container\">\n\t\t\t\n\t\t<section class=\"heading-page\" style=\"background-image: url(https:\/\/galeriejakubska.com\/wp-content\/uploads\/2020\/07\/22-1.jpg)\" >\n\t\t\t<div class=\"container\">\n\t\t\t\t<div class=\"cta-content\">\n\t\t\t\t\t\t\t\t\t\t\t<h2 class=\"second_font\">Exhibitions &amp;  EVENTS<\/h2>\n\t\t\t\t\t\t\t\t\t\t\n\t\t\t\t<\/div>\n\t\t\t<\/div>\n\t\t<\/section>\n\n\t\t\t<\/div>\n\t\t\t\t<\/div>\n\t\t\t\t\t\t<\/div>\n\t\t\t\t\t<\/div>\n\t\t<\/div>\n\t\t\t\t\t\t\t\t<\/div>\n\t\t\t\t\t<\/div>\n\t\t<\/section>\n\t\t\t\t<section class=\"elementor-section elementor-top-section elementor-element elementor-element-9d5cb9e elementor-section-boxed elementor-section-height-default elementor-section-height-default\" data-id=\"9d5cb9e\" data-element_type=\"section\" data-settings=\"{&quot;background_background&quot;:&quot;classic&quot;}\">\n\t\t\t\t\t\t<div class=\"elementor-container elementor-column-gap-default\">\n\t\t\t\t\t\t\t<div class=\"elementor-row\">\n\t\t\t\t\t<div class=\"elementor-column elementor-col-100 elementor-top-column elementor-element elementor-element-71c6131\" data-id=\"71c6131\" data-element_type=\"column\">\n\t\t\t<div class=\"elementor-column-wrap elementor-element-populated\">\n\t\t\t\t\t\t\t<div class=\"elementor-widget-wrap\">\n\t\t\t\t\t\t<div class=\"elementor-element elementor-element-ac9ef3a elementor-widget elementor-widget-spacer\" data-id=\"ac9ef3a\" data-element_type=\"widget\" data-widget_type=\"spacer.default\">\n\t\t\t\t<div class=\"elementor-widget-container\">\n\t\t\t\t\t<div class=\"elementor-spacer\">\n\t\t\t<div class=\"elementor-spacer-inner\"><\/div>\n\t\t<\/div>\n\t\t\t\t<\/div>\n\t\t\t\t<\/div>\n\t\t\t\t\t\t<\/div>\n\t\t\t\t\t<\/div>\n\t\t<\/div>\n\t\t\t\t\t\t\t\t<\/div>\n\t\t\t\t\t<\/div>\n\t\t<\/section>\n\t\t\t\t<section class=\"elementor-section elementor-top-section elementor-element elementor-element-18bc84d elementor-section-boxed elementor-section-height-default elementor-section-height-default\" data-id=\"18bc84d\" data-element_type=\"section\" data-settings=\"{&quot;background_background&quot;:&quot;classic&quot;}\">\n\t\t\t\t\t\t<div class=\"elementor-container elementor-column-gap-default\">\n\t\t\t\t\t\t\t<div class=\"elementor-row\">\n\t\t\t\t\t<div class=\"elementor-column elementor-col-100 elementor-top-column elementor-element elementor-element-2b1f7cc\" data-id=\"2b1f7cc\" data-element_type=\"column\">\n\t\t\t<div class=\"elementor-column-wrap elementor-element-populated\">\n\t\t\t\t\t\t\t<div class=\"elementor-widget-wrap\">\n\t\t\t\t\t\t<div class=\"elementor-element elementor-element-bf3c0fa elementor-widget elementor-widget-text-editor\" data-id=\"bf3c0fa\" data-element_type=\"widget\" data-widget_type=\"text-editor.default\">\n\t\t\t\t<div class=\"elementor-widget-container\">\n\t\t\t\t\t\t\t\t<div class=\"elementor-text-editor elementor-clearfix\">\n\t\t\t\t\t<p><span style=\"color: #888888;\">Zjist\u011bte, co se d\u011bje v galerie: od sou\u010dasn\u00fdch a nadch\u00e1zej\u00edc\u00edch v\u00fdstav po workshopy a ud\u00e1losti.<\/span><\/p>\t\t\t\t\t<\/div>\n\t\t\t\t\t\t<\/div>\n\t\t\t\t<\/div>\n\t\t\t\t\t\t<\/div>\n\t\t\t\t\t<\/div>\n\t\t<\/div>\n\t\t\t\t\t\t\t\t<\/div>\n\t\t\t\t\t<\/div>\n\t\t<\/section>\n\t\t\t\t<section class=\"elementor-section elementor-top-section elementor-element elementor-element-14003c5c elementor-section-boxed elementor-section-height-default elementor-section-height-default\" data-id=\"14003c5c\" data-element_type=\"section\" data-settings=\"{&quot;background_background&quot;:&quot;classic&quot;}\">\n\t\t\t\t\t\t<div class=\"elementor-container elementor-column-gap-default\">\n\t\t\t\t\t\t\t<div class=\"elementor-row\">\n\t\t\t\t\t<div class=\"elementor-column elementor-col-100 elementor-top-column elementor-element elementor-element-c9e7c15\" data-id=\"c9e7c15\" data-element_type=\"column\">\n\t\t\t<div class=\"elementor-column-wrap elementor-element-populated\">\n\t\t\t\t\t\t\t<div class=\"elementor-widget-wrap\">\n\t\t\t\t\t\t<div class=\"elementor-element elementor-element-7484d00 elementor-widget elementor-widget-ovaex_exhibition_ajax\" data-id=\"7484d00\" data-element_type=\"widget\" data-widget_type=\"ovaex_exhibition_ajax.default\">\n\t\t\t\t<div class=\"elementor-widget-container\">\n\t\t\t\n\n\t\t<div class=\"exhibition_arc\">\n\n\t\t\t<div class=\"wrap-content element-arc\">\n\t\t\t\t\n\t\t\t\t<ul class=\"nav nav-tabs\">\n\t\t\t\t\t<li class=\"nav-item exhibition_tab_item\">\n\t\t\t\t\t\t<a class=\"nav-link active\" href=\"#current\" role=\"tab\" data-toggle=\"tab\" data-behav=\"tab\" data-type_action=\"current\" data-post=\"exhibition\" data-perpage=\"6\" data-paged=\"1\" data-order-by=\"ex_start_date\" data-order=\"DESC\" data-columns=\"ex3_columns\" data-upcoming=\"900\">current<\/a>\n\t\t\t\t\t<\/li>\n\t\t\t\t\t<li class=\"nav-item exhibition_tab_item\">\n\t\t\t\t\t\t<a class=\"nav-link\" href=\"#\" role=\"tab\" data-paged=\"1\" data-toggle=\"tab\" data-behav=\"tab\" data-type_action=\"upcoming\" data-post=\"exhibition\" data-perpage=\"6\" data-order-by=\"ex_start_date\" data-order=\"DESC\" data-columns=\"ex3_columns\" data-upcoming=\"900\">upcoming<\/a>\n\t\t\t\t\t<\/li>\n\t\t\t\t\t<li class=\"nav-item exhibition_tab_item\">\n\t\t\t\t\t\t<a class=\"nav-link\" href=\"#past\" role=\"tab\" data-paged=\"1\" data-behav=\"tab\" data-toggle=\"tab\" data-type_action=\"past\" data-post=\"exhibition\" data-perpage=\"6\" data-order-by=\"ex_start_date\" data-order=\"DESC\" data-columns=\"ex3_columns\" data-upcoming=\"900\">past<\/a>\n\t\t\t\t\t<\/li>\n\t\t\t\t<\/ul>\n\t\t\t\t<div class=\"tab-content\">\n\t\t\t\t\t\t\t\t\t<\/div>           \t\n\t\t\t<\/div>\n\n\t\t\t\n\t\t\t<div class=\"ova_more_post\" data-behav=\"load\" data-type_action=\"current\" data-paged=\"2\" data-post=\"exhibition\" data-perpage=\"6\" data-order-by=\"ex_start_date\" data-order=\"DESC\" data-columns=\"ex3_columns\" data-upcoming=\"900\">\n\t\t\t\t<span class=\"load-more\">Load More<\/span>\n\t\t\t\t<img decoding=\"async\" class=\"image-loadmore\" src=\"https:\/\/galeriejakubska.com\/wp-content\/plugins\/ova-exhibition\/\/assets\/img\/loadmore.GIF\" alt=\"loadmore\">\n\t\t\t<\/div>\n\t\t\t<div class=\"ova-nodata\"><span>No Data<\/span><\/div>\n\n\t\t<\/div>\n\n\t\t\t<\/div>\n\t\t\t\t<\/div>\n\t\t\t\t\t\t<\/div>\n\t\t\t\t\t<\/div>\n\t\t<\/div>\n\t\t\t\t\t\t\t\t<\/div>\n\t\t\t\t\t<\/div>\n\t\t<\/section>\n\t\t\t\t\t\t<\/div>\n\t\t\t\t\t\t<\/div>\n\t\t\t\t\t<\/div>","protected":false},"excerpt":{"rendered":"<p>Exhibitions &amp; EVENTS Find out what&#8217;s on in the gallery: from current and upcoming exhibitions to workshops and events. current upcoming past Alexandr Onishenko &#8211; PRAGUE &#8211; Thunovska 18, Prague 1 Jun 01, 2021 &#8211; Sep 27, 2022 Load More No Data<\/p>","protected":false},"author":1,"featured_media":8302,"parent":0,"menu_order":0,"comment_status":"closed","ping_status":"closed","template":"elementor_header_footer","meta":{"footnotes":""},"class_list":["post-2469","page","type-page","status-publish","has-post-thumbnail","hentry"],"aioseo_notices":[],"_links":{"self":[{"href":"https:\/\/galeriejakubska.com\/cs\/wp-json\/wp\/v2\/pages\/2469","targetHints":{"allow":["GET"]}}],"collection":[{"href":"https:\/\/galeriejakubska.com\/cs\/wp-json\/wp\/v2\/pages"}],"about":[{"href":"https:\/\/galeriejakubska.com\/cs\/wp-json\/wp\/v2\/types\/page"}],"author":[{"embeddable":true,"href":"https:\/\/galeriejakubska.com\/cs\/wp-json\/wp\/v2\/users\/1"}],"replies":[{"embeddable":true,"href":"https:\/\/galeriejakubska.com\/cs\/wp-json\/wp\/v2\/comments?post=2469"}],"version-history":[{"count":36,"href":"https:\/\/galeriejakubska.com\/cs\/wp-json\/wp\/v2\/pages\/2469\/revisions"}],"predecessor-version":[{"id":8699,"href":"https:\/\/galeriejakubska.com\/cs\/wp-json\/wp\/v2\/pages\/2469\/revisions\/8699"}],"wp:featuredmedia":[{"embeddable":true,"href":"https:\/\/galeriejakubska.com\/cs\/wp-json\/wp\/v2\/media\/8302"}],"wp:attachment":[{"href":"https:\/\/galeriejakubska.com\/cs\/wp-json\/wp\/v2\/media?parent=2469"}],"curies":[{"name":"wp","href":"https:\/\/api.w.org\/{rel}","templated":true}]}}