{"id":259,"date":"2019-01-15T04:38:14","date_gmt":"2019-01-15T01:38:14","guid":{"rendered":"http:\/\/demo.ovathemes.com\/muzze\/?page_id=259"},"modified":"2020-07-07T00:37:52","modified_gmt":"2020-07-06T21:37:52","slug":"artists","status":"publish","type":"page","link":"https:\/\/galeriejakubska.com\/cs\/artists\/","title":{"rendered":"Um\u011blci"},"content":{"rendered":"<div data-elementor-type=\"wp-post\" data-elementor-id=\"259\" data-post-id=\"6159\" data-obj-id=\"6159\" class=\"elementor elementor-259 dce-elementor-post-6159\" data-elementor-settings=\"[]\">\n\t\t\t\t\t\t<div class=\"elementor-inner\">\n\t\t\t\t\t\t\t<div class=\"elementor-section-wrap\">\n\t\t\t\t\t\t\t<section class=\"elementor-section elementor-top-section elementor-element elementor-element-431ff97 elementor-section-full_width elementor-section-height-default elementor-section-height-default\" data-id=\"431ff97\" data-element_type=\"section\">\n\t\t\t\t\t\t<div class=\"elementor-container elementor-column-gap-default\">\n\t\t\t\t\t\t\t<div class=\"elementor-row\">\n\t\t\t\t\t<div class=\"elementor-column elementor-col-100 elementor-top-column elementor-element elementor-element-bd5badd\" data-id=\"bd5badd\" data-element_type=\"column\">\n\t\t\t<div class=\"elementor-column-wrap elementor-element-populated\">\n\t\t\t\t\t\t\t<div class=\"elementor-widget-wrap\">\n\t\t\t\t\t\t<div class=\"elementor-element elementor-element-888342e elementor-widget elementor-widget-ova_heading_page\" data-id=\"888342e\" data-element_type=\"widget\" data-widget_type=\"ova_heading_page.default\">\n\t\t\t\t<div class=\"elementor-widget-container\">\n\t\t\t\n\t\t<section class=\"heading-page\" style=\"background-image: url(https:\/\/galeriejakubska.com\/wp-content\/uploads\/2020\/07\/4-2.jpg)\" >\n\t\t\t<div class=\"container\">\n\t\t\t\t<div class=\"cta-content\">\n\t\t\t\t\t\t\t\t\t\t\t<h2 class=\"second_font\">Um\u011blci<\/h2>\n\t\t\t\t\t\t\t\t\t\t\n\t\t\t\t<\/div>\n\t\t\t<\/div>\n\t\t<\/section>\n\n\t\t\t<\/div>\n\t\t\t\t<\/div>\n\t\t\t\t\t\t<\/div>\n\t\t\t\t\t<\/div>\n\t\t<\/div>\n\t\t\t\t\t\t\t\t<\/div>\n\t\t\t\t\t<\/div>\n\t\t<\/section>\n\t\t\t\t<section class=\"elementor-section elementor-top-section elementor-element elementor-element-cdaac33 elementor-section-boxed elementor-section-height-default elementor-section-height-default\" data-id=\"cdaac33\" data-element_type=\"section\" data-settings=\"{&quot;background_background&quot;:&quot;classic&quot;}\">\n\t\t\t\t\t\t<div class=\"elementor-container elementor-column-gap-default\">\n\t\t\t\t\t\t\t<div class=\"elementor-row\">\n\t\t\t\t\t<div class=\"elementor-column elementor-col-100 elementor-top-column elementor-element elementor-element-e5397fc\" data-id=\"e5397fc\" data-element_type=\"column\">\n\t\t\t<div class=\"elementor-column-wrap elementor-element-populated\">\n\t\t\t\t\t\t\t<div class=\"elementor-widget-wrap\">\n\t\t\t\t\t\t<div class=\"elementor-element elementor-element-a4b68e5 elementor-widget elementor-widget-spacer\" data-id=\"a4b68e5\" data-element_type=\"widget\" data-widget_type=\"spacer.default\">\n\t\t\t\t<div class=\"elementor-widget-container\">\n\t\t\t\t\t<div class=\"elementor-spacer\">\n\t\t\t<div class=\"elementor-spacer-inner\"><\/div>\n\t\t<\/div>\n\t\t\t\t<\/div>\n\t\t\t\t<\/div>\n\t\t\t\t\t\t<\/div>\n\t\t\t\t\t<\/div>\n\t\t<\/div>\n\t\t\t\t\t\t\t\t<\/div>\n\t\t\t\t\t<\/div>\n\t\t<\/section>\n\t\t\t\t<section class=\"elementor-section elementor-top-section elementor-element elementor-element-9490f32 elementor-section-boxed elementor-section-height-default elementor-section-height-default\" data-id=\"9490f32\" data-element_type=\"section\" data-settings=\"{&quot;background_background&quot;:&quot;classic&quot;}\">\n\t\t\t\t\t\t<div class=\"elementor-container elementor-column-gap-default\">\n\t\t\t\t\t\t\t<div class=\"elementor-row\">\n\t\t\t\t\t<div class=\"elementor-column elementor-col-100 elementor-top-column elementor-element elementor-element-70ab74e\" data-id=\"70ab74e\" data-element_type=\"column\">\n\t\t\t<div class=\"elementor-column-wrap elementor-element-populated\">\n\t\t\t\t\t\t\t<div class=\"elementor-widget-wrap\">\n\t\t\t\t\t\t<div class=\"elementor-element elementor-element-0b6c27d elementor-widget elementor-widget-ova_artists\" data-id=\"0b6c27d\" data-element_type=\"widget\" data-widget_type=\"ova_artists.default\">\n\t\t\t\t<div class=\"elementor-widget-container\">\n\t\t\t\n\t\t<div class=\"container\">\n\t\t\t<div class=\"row\">\n\t\t\t\t<div class=\"archive_artist elementor-artists\">\n\n\t\t\t\t\t<div class=\"content\">\n\t\t\t\t\t\t\n\t\t\t\t\t\t\t<div class=\"items elementor-items\">\n\t\t\t\t\t\t\t\t\n\n\t\t\t\t\t\t\t\t<a class=\"img\" href=\"https:\/\/galeriejakubska.com\/cs\/artist\/onishenko\/\">\n\t\t\t\t\t\t\t\t\t<img loading=\"lazy\" decoding=\"async\" width=\"585\" height=\"590\" src=\"https:\/\/galeriejakubska.com\/wp-content\/uploads\/2020\/06\/24174226_10156061808589078_1019309403130219080_n-1.jpg\" class=\"attachment-post-thumbnail size-post-thumbnail wp-post-image\" alt=\"\" srcset=\"https:\/\/galeriejakubska.com\/wp-content\/uploads\/2020\/06\/24174226_10156061808589078_1019309403130219080_n-1.jpg 585w, https:\/\/galeriejakubska.com\/wp-content\/uploads\/2020\/06\/24174226_10156061808589078_1019309403130219080_n-1-297x300.jpg 297w, https:\/\/galeriejakubska.com\/wp-content\/uploads\/2020\/06\/24174226_10156061808589078_1019309403130219080_n-1-150x150.jpg 150w\" sizes=\"auto, (max-width: 585px) 100vw, 585px\" \/>\t\t\t\t\t\t\t\t<\/a>\n\n\t\t\t\t\t\t\t\t<a class=\"name second_font\" href=\"https:\/\/galeriejakubska.com\/cs\/artist\/onishenko\/\">\n\t\t\t\t\t\t\t\t\tAlexandr Onishenko\t\t\t\t\t\t\t\t<\/a>\n\n\n\t\t\t\t\t\t\t\t\t\t\t\t\t\t\t\t\t<div class=\"skill\"> \n\t\t\t\t\t\t\t\t\t\tPainter, Founder \/ Czech Republic\t\t\t\t\t\t\t\t\t<\/div>\n\t\t\t\t\t\t\t\t\n\t\t\t\t\t\t\t\t<div class=\"contact\">\n\t\t\t\t\t\t\t\t\t\n\t\t\t\t\t\t\t\t\t\t\t\t\t\t\t\t\t<\/div>\n\n\t\t\t\t\t\t\t<\/div>\n\n\t\t\t\t\t\t\n\t\t\t\t\t\t\t<div class=\"items elementor-items\">\n\t\t\t\t\t\t\t\t\n\n\t\t\t\t\t\t\t\t<a class=\"img\" href=\"https:\/\/galeriejakubska.com\/cs\/artist\/vitalina-forostovets\/\">\n\t\t\t\t\t\t\t\t\t<img loading=\"lazy\" decoding=\"async\" width=\"585\" height=\"590\" src=\"https:\/\/galeriejakubska.com\/wp-content\/uploads\/2020\/06\/Vit_foto.jpg\" class=\"attachment-post-thumbnail size-post-thumbnail wp-post-image\" alt=\"\" srcset=\"https:\/\/galeriejakubska.com\/wp-content\/uploads\/2020\/06\/Vit_foto.jpg 585w, https:\/\/galeriejakubska.com\/wp-content\/uploads\/2020\/06\/Vit_foto-297x300.jpg 297w, https:\/\/galeriejakubska.com\/wp-content\/uploads\/2020\/06\/Vit_foto-150x150.jpg 150w\" sizes=\"auto, (max-width: 585px) 100vw, 585px\" \/>\t\t\t\t\t\t\t\t<\/a>\n\n\t\t\t\t\t\t\t\t<a class=\"name second_font\" href=\"https:\/\/galeriejakubska.com\/cs\/artist\/vitalina-forostovets\/\">\n\t\t\t\t\t\t\t\t\tVitalina Forostovets\t\t\t\t\t\t\t\t<\/a>\n\n\n\t\t\t\t\t\t\t\t\t\t\t\t\t\t\t\t\t<div class=\"skill\"> \n\t\t\t\t\t\t\t\t\t\tPainter \/ Ukraine\t\t\t\t\t\t\t\t\t<\/div>\n\t\t\t\t\t\t\t\t\n\t\t\t\t\t\t\t\t<div class=\"contact\">\n\t\t\t\t\t\t\t\t\t\n\t\t\t\t\t\t\t\t\t\t\t\t\t\t\t\t\t<\/div>\n\n\t\t\t\t\t\t\t<\/div>\n\n\t\t\t\t\t\t\n\t\t\t\t\t\t\t<div class=\"items elementor-items\">\n\t\t\t\t\t\t\t\t\n\n\t\t\t\t\t\t\t\t<a class=\"img\" href=\"https:\/\/galeriejakubska.com\/cs\/artist\/laszlo-kutas\/\">\n\t\t\t\t\t\t\t\t\t<img loading=\"lazy\" decoding=\"async\" width=\"585\" height=\"590\" src=\"https:\/\/galeriejakubska.com\/wp-content\/uploads\/2020\/06\/IMG_2717.jpg\" class=\"attachment-post-thumbnail size-post-thumbnail wp-post-image\" alt=\"\" srcset=\"https:\/\/galeriejakubska.com\/wp-content\/uploads\/2020\/06\/IMG_2717.jpg 585w, https:\/\/galeriejakubska.com\/wp-content\/uploads\/2020\/06\/IMG_2717-297x300.jpg 297w, https:\/\/galeriejakubska.com\/wp-content\/uploads\/2020\/06\/IMG_2717-150x150.jpg 150w\" sizes=\"auto, (max-width: 585px) 100vw, 585px\" \/>\t\t\t\t\t\t\t\t<\/a>\n\n\t\t\t\t\t\t\t\t<a class=\"name second_font\" href=\"https:\/\/galeriejakubska.com\/cs\/artist\/laszlo-kutas\/\">\n\t\t\t\t\t\t\t\t\tL\u00e1szl\u00f3 Kutas\t\t\t\t\t\t\t\t<\/a>\n\n\n\t\t\t\t\t\t\t\t\t\t\t\t\t\t\t\t\t<div class=\"skill\"> \n\t\t\t\t\t\t\t\t\t\tSculptor \/ Hungary\t\t\t\t\t\t\t\t\t<\/div>\n\t\t\t\t\t\t\t\t\n\t\t\t\t\t\t\t\t<div class=\"contact\">\n\t\t\t\t\t\t\t\t\t\n\t\t\t\t\t\t\t\t\t\t\t\t\t\t\t\t\t<\/div>\n\n\t\t\t\t\t\t\t<\/div>\n\n\t\t\t\t\t\t\t\t\t\t\t<\/div>\n\n\t\t\t\t<\/div>\n\t\t\t<\/div>\n\t\t<\/div>\n\n\t\t\t\t<\/div>\n\t\t\t\t<\/div>\n\t\t\t\t\t\t<\/div>\n\t\t\t\t\t<\/div>\n\t\t<\/div>\n\t\t\t\t\t\t\t\t<\/div>\n\t\t\t\t\t<\/div>\n\t\t<\/section>\n\t\t\t\t\t\t<\/div>\n\t\t\t\t\t\t<\/div>\n\t\t\t\t\t<\/div>","protected":false},"excerpt":{"rendered":"<p>Artists Irena Proch\u00e1zkov\u00e1 Painter Yurii Prisiazhniy Painter, Founder Alexandr Onishenko Painter, Founder Vitalina Forostovets Painter L\u00e1szl\u00f3 Kutas Sculptor<\/p>","protected":false},"author":1,"featured_media":0,"parent":0,"menu_order":0,"comment_status":"closed","ping_status":"closed","template":"elementor_header_footer","meta":{"footnotes":""},"class_list":["post-259","page","type-page","status-publish","hentry"],"aioseo_notices":[],"_links":{"self":[{"href":"https:\/\/galeriejakubska.com\/cs\/wp-json\/wp\/v2\/pages\/259","targetHints":{"allow":["GET"]}}],"collection":[{"href":"https:\/\/galeriejakubska.com\/cs\/wp-json\/wp\/v2\/pages"}],"about":[{"href":"https:\/\/galeriejakubska.com\/cs\/wp-json\/wp\/v2\/types\/page"}],"author":[{"embeddable":true,"href":"https:\/\/galeriejakubska.com\/cs\/wp-json\/wp\/v2\/users\/1"}],"replies":[{"embeddable":true,"href":"https:\/\/galeriejakubska.com\/cs\/wp-json\/wp\/v2\/comments?post=259"}],"version-history":[{"count":15,"href":"https:\/\/galeriejakubska.com\/cs\/wp-json\/wp\/v2\/pages\/259\/revisions"}],"predecessor-version":[{"id":6839,"href":"https:\/\/galeriejakubska.com\/cs\/wp-json\/wp\/v2\/pages\/259\/revisions\/6839"}],"wp:attachment":[{"href":"https:\/\/galeriejakubska.com\/cs\/wp-json\/wp\/v2\/media?parent=259"}],"curies":[{"name":"wp","href":"https:\/\/api.w.org\/{rel}","templated":true}]}}