{"id":327,"date":"2019-01-16T02:07:35","date_gmt":"2019-01-15T23:07:35","guid":{"rendered":"http:\/\/demo.ovathemes.com\/muzze\/?page_id=327"},"modified":"2020-07-07T00:21:49","modified_gmt":"2020-07-06T21:21:49","slug":"services","status":"publish","type":"page","link":"https:\/\/galeriejakubska.com\/cs\/services\/","title":{"rendered":"Slu\u017eby"},"content":{"rendered":"<div data-elementor-type=\"wp-post\" data-elementor-id=\"327\" data-post-id=\"327\" data-obj-id=\"327\" class=\"elementor elementor-327 dce-elementor-post-327\" data-elementor-settings=\"[]\">\n\t\t\t\t\t\t<div class=\"elementor-inner\">\n\t\t\t\t\t\t\t<div class=\"elementor-section-wrap\">\n\t\t\t\t\t\t\t<section class=\"elementor-section elementor-top-section elementor-element elementor-element-9e8de2e elementor-section-full_width elementor-section-height-default elementor-section-height-default\" data-id=\"9e8de2e\" data-element_type=\"section\">\n\t\t\t\t\t\t<div class=\"elementor-container elementor-column-gap-default\">\n\t\t\t\t\t\t\t<div class=\"elementor-row\">\n\t\t\t\t\t<div class=\"elementor-column elementor-col-100 elementor-top-column elementor-element elementor-element-2922779\" data-id=\"2922779\" data-element_type=\"column\">\n\t\t\t<div class=\"elementor-column-wrap elementor-element-populated\">\n\t\t\t\t\t\t\t<div class=\"elementor-widget-wrap\">\n\t\t\t\t\t\t<div class=\"elementor-element elementor-element-605449a elementor-widget elementor-widget-ova_heading_page\" data-id=\"605449a\" data-element_type=\"widget\" data-widget_type=\"ova_heading_page.default\">\n\t\t\t\t<div class=\"elementor-widget-container\">\n\t\t\t\n\t\t<section class=\"heading-page\" style=\"background-image: url(https:\/\/galeriejakubska.com\/wp-content\/uploads\/2020\/07\/20080723-IMG_8333.jpg)\" >\n\t\t\t<div class=\"container\">\n\t\t\t\t<div class=\"cta-content\">\n\t\t\t\t\t\t\t\t\t\t\t<h2 class=\"second_font\">Slu\u017eby<\/h2>\n\t\t\t\t\t\t\t\t\t\t\n\t\t\t\t<\/div>\n\t\t\t<\/div>\n\t\t<\/section>\n\n\t\t\t<\/div>\n\t\t\t\t<\/div>\n\t\t\t\t\t\t<\/div>\n\t\t\t\t\t<\/div>\n\t\t<\/div>\n\t\t\t\t\t\t\t\t<\/div>\n\t\t\t\t\t<\/div>\n\t\t<\/section>\n\t\t\t\t<section class=\"elementor-section elementor-top-section elementor-element elementor-element-16b4a05 elementor-section-boxed elementor-section-height-default elementor-section-height-default\" data-id=\"16b4a05\" data-element_type=\"section\" data-settings=\"{&quot;background_background&quot;:&quot;classic&quot;}\">\n\t\t\t\t\t\t<div class=\"elementor-container elementor-column-gap-default\">\n\t\t\t\t\t\t\t<div class=\"elementor-row\">\n\t\t\t\t\t<div class=\"elementor-column elementor-col-100 elementor-top-column elementor-element elementor-element-9997a67\" data-id=\"9997a67\" data-element_type=\"column\">\n\t\t\t<div class=\"elementor-column-wrap elementor-element-populated\">\n\t\t\t\t\t\t\t<div class=\"elementor-widget-wrap\">\n\t\t\t\t\t\t<div class=\"elementor-element elementor-element-2fd700f elementor-widget elementor-widget-ova_heading\" data-id=\"2fd700f\" data-element_type=\"widget\" data-widget_type=\"ova_heading.default\">\n\t\t\t\t<div class=\"elementor-widget-container\">\n\t\t\t\t\t<div class=\"ova_heading\">\n\t\t\t\t\t\t\t<h1 class=\"heading_title second_font\">Obecn\u00e9 slu\u017eby<\/h1>\n\t\t\t\t\t\t\t\t<\/div>\n\t\t\t\t<\/div>\n\t\t\t\t<\/div>\n\t\t\t\t\t\t<\/div>\n\t\t\t\t\t<\/div>\n\t\t<\/div>\n\t\t\t\t\t\t\t\t<\/div>\n\t\t\t\t\t<\/div>\n\t\t<\/section>\n\t\t\t\t<section class=\"elementor-section elementor-top-section elementor-element elementor-element-20d8ba5 elementor-section-boxed elementor-section-height-default elementor-section-height-default\" data-id=\"20d8ba5\" data-element_type=\"section\" data-settings=\"{&quot;background_background&quot;:&quot;classic&quot;}\">\n\t\t\t\t\t\t<div class=\"elementor-container elementor-column-gap-default\">\n\t\t\t\t\t\t\t<div class=\"elementor-row\">\n\t\t\t\t\t<div class=\"elementor-column elementor-col-100 elementor-top-column elementor-element elementor-element-cb9a55f\" data-id=\"cb9a55f\" data-element_type=\"column\">\n\t\t\t<div class=\"elementor-column-wrap elementor-element-populated\">\n\t\t\t\t\t\t\t<div class=\"elementor-widget-wrap\">\n\t\t\t\t\t\t<div class=\"elementor-element elementor-element-7e355b2 elementor-widget elementor-widget-text-editor\" data-id=\"7e355b2\" data-element_type=\"widget\" data-widget_type=\"text-editor.default\">\n\t\t\t\t<div class=\"elementor-widget-container\">\n\t\t\t\t\t\t\t\t<div class=\"elementor-text-editor elementor-clearfix\">\n\t\t\t\t\t<p><strong>Vyzkou\u0161en\u00ed p\u0159ed n\u00e1kupem<\/strong><\/p><p>Nejste si jisti, jak bude obraz vypadat u v\u00e1s doma, nebo kter\u00e9 z d\u011bl si vybrat? Za\u0161lete n\u00e1m fotografii va\u0161eho interi\u00e9ru a my do n\u011bj virtu\u00e1ln\u011b \u201epov\u011bs\u00edme\u201c v\u00e1mi vybran\u00e9 obrazy, abychom v\u00e1m pomohli naj\u00edt ten spr\u00e1vn\u00fd kus nebo m\u00edsto!<\/p><p><strong>Rezervace<\/strong><\/p><p>Jak\u00e9koliv dostupn\u00e9 d\u00edlo si lze rezervovat za z\u00e1lohu ve v\u00fd\u0161i 10 % z prodejn\u00ed ceny. D\u00e9lku rezervace je mo\u017en\u00e9 domluvit.<br \/>period of the reservation is negotiable.<\/p><p><strong>Platba<\/strong><\/p><p>Galerie Jakubsk\u00e1 p\u0159ij\u00edm\u00e1 platby prost\u0159ednictv\u00edm v\u0161ech hlavn\u00edch platebn\u00edch karet i bankovn\u00edch p\u0159evod\u016f.<br \/>Kontaktujte n\u00e1s, abychom v\u00e1m mohli pomoci vybrat nejvhodn\u011bj\u0161\u00ed zp\u016fsob platby.<br \/>Spl\u00e1tkov\u00fd kalend\u00e1\u0159<br \/>\u201eSpl\u00e1tkov\u00fd kalend\u00e1\u0159\u201c poskytuje kupuj\u00edc\u00edmu v\u00edce \u010dasu na zaplacen\u00ed dohodnut\u00e9 \u010d\u00e1stky.<br \/>amount.<\/p><p><strong>Mezin\u00e1rodn\u00ed doru\u010den\u00ed<\/strong><\/p><p>Na\u0161im klient\u016fm v zahrani\u010d\u00ed nab\u00edz\u00edme mo\u017enost doru\u010dit obrazy v d\u0159ev\u011bn\u00e9 bedn\u011b. Jsou p\u0159ipraveny k instalaci, jakmile doraz\u00ed ke dve\u0159\u00edm na\u0161ich klient\u016f. Dal\u0161\u00ed mo\u017enosti lze projednat individu\u00e1ln\u011b.<br \/>crate. They are ready to hang as soon as they arrive at our patrons\u2019 doors; other options can be discussed personally.<\/p><p>The shipment of the painting typically takes 3 \u2013 4 weeks.<\/p><p>All shipments are executed by a company specialized in artworks and furniture.<\/p><p>All shipments are processed and dispatched after full payment is received.<\/p>\t\t\t\t\t<\/div>\n\t\t\t\t\t\t<\/div>\n\t\t\t\t<\/div>\n\t\t\t\t\t\t<\/div>\n\t\t\t\t\t<\/div>\n\t\t<\/div>\n\t\t\t\t\t\t\t\t<\/div>\n\t\t\t\t\t<\/div>\n\t\t<\/section>\n\t\t\t\t<section class=\"elementor-section elementor-top-section elementor-element elementor-element-6ab9d9b elementor-section-boxed elementor-section-height-default elementor-section-height-default\" data-id=\"6ab9d9b\" data-element_type=\"section\" data-settings=\"{&quot;background_background&quot;:&quot;classic&quot;}\">\n\t\t\t\t\t\t<div class=\"elementor-container elementor-column-gap-default\">\n\t\t\t\t\t\t\t<div class=\"elementor-row\">\n\t\t\t\t\t<div class=\"elementor-column elementor-col-100 elementor-top-column elementor-element elementor-element-2529086\" data-id=\"2529086\" data-element_type=\"column\">\n\t\t\t<div class=\"elementor-column-wrap elementor-element-populated\">\n\t\t\t\t\t\t\t<div class=\"elementor-widget-wrap\">\n\t\t\t\t\t\t<div class=\"elementor-element elementor-element-eaca730 elementor-widget elementor-widget-ova_heading\" data-id=\"eaca730\" data-element_type=\"widget\" data-widget_type=\"ova_heading.default\">\n\t\t\t\t<div class=\"elementor-widget-container\">\n\t\t\t\t\t<div class=\"ova_heading\">\n\t\t\t\t\t\t\t<h1 class=\"heading_title second_font\">M\u00edstn\u00ed slu\u017eby (pouze v Praze)<\/h1>\n\t\t\t\t\t\t\t\t<\/div>\n\t\t\t\t<\/div>\n\t\t\t\t<\/div>\n\t\t\t\t<div class=\"elementor-element elementor-element-e591675 elementor-widget elementor-widget-text-editor\" data-id=\"e591675\" data-element_type=\"widget\" data-widget_type=\"text-editor.default\">\n\t\t\t\t<div class=\"elementor-widget-container\">\n\t\t\t\t\t\t\t\t<div class=\"elementor-text-editor elementor-clearfix\">\n\t\t\t\t\t<div id=\"lang-content-en\" class=\"lang-content\"><p><strong>Doporu\u010den\u00ed r\u00e1mov\u00e1n\u00ed s garanc\u00ed<\/strong><\/p><p>P\u0159esto\u017ee jsou um\u011bleck\u00e1 d\u00edla v samotn\u00e9 galerii prezentov\u00e1na a prod\u00e1v\u00e1na jako rozlo\u017een\u00e1 a or\u00e1movan\u00e1 v jednoduch\u00e9m \u010dern\u00e9m r\u00e1me\u010dku, m\u016f\u017eeme v\u00e1m doporu\u010dit kvalitn\u00ed slu\u017eby r\u00e1mov\u00e1n\u00ed v Praze.<br \/>simple black frame, we can recommend good framing services here in Prague.<\/p><p><br \/><strong>Do\u010dasn\u00e1 z\u00e1p\u016fj\u010dka um\u011bleck\u00fdch d\u011bl<\/strong><\/p><p><br \/>Nejste si jisti, jak bude obraz vypadat u v\u00e1s doma, nebo kter\u00e9 z d\u011bl si vybrat? R\u00e1di v\u00e1m do\u010dasn\u011b zap\u016fj\u010d\u00edme um\u011bleck\u00e1 d\u00edla, abychom na\u0161im klient\u016fm pomohli naj\u00edt ten prav\u00fd kus!<br \/>happy to temporarily loan out works of art to help our local clients find just the right piece!<\/p><p><strong>Doru\u010den\u00ed<\/strong><\/p><p><br \/>Bezplatn\u00e9 doru\u010den\u00ed va\u0161\u00ed objedn\u00e1vky a\u017e dom\u016f.<\/p><\/div>\t\t\t\t\t<\/div>\n\t\t\t\t\t\t<\/div>\n\t\t\t\t<\/div>\n\t\t\t\t\t\t<\/div>\n\t\t\t\t\t<\/div>\n\t\t<\/div>\n\t\t\t\t\t\t\t\t<\/div>\n\t\t\t\t\t<\/div>\n\t\t<\/section>\n\t\t\t\t<section class=\"elementor-section elementor-top-section elementor-element elementor-element-52ceaea elementor-section-boxed elementor-section-height-default elementor-section-height-default\" data-id=\"52ceaea\" data-element_type=\"section\" data-settings=\"{&quot;background_background&quot;:&quot;classic&quot;}\">\n\t\t\t\t\t\t<div class=\"elementor-container elementor-column-gap-default\">\n\t\t\t\t\t\t\t<div class=\"elementor-row\">\n\t\t\t\t\t<div class=\"elementor-column elementor-col-100 elementor-top-column elementor-element elementor-element-9de43b6\" data-id=\"9de43b6\" data-element_type=\"column\">\n\t\t\t<div class=\"elementor-column-wrap elementor-element-populated\">\n\t\t\t\t\t\t\t<div class=\"elementor-widget-wrap\">\n\t\t\t\t\t\t<div class=\"elementor-element elementor-element-12d2570 elementor-widget elementor-widget-ova_heading\" data-id=\"12d2570\" data-element_type=\"widget\" data-widget_type=\"ova_heading.default\">\n\t\t\t\t<div class=\"elementor-widget-container\">\n\t\t\t\t\t<div class=\"ova_heading\">\n\t\t\t\t\t\t\t<h1 class=\"heading_title second_font\">Co poskytujeme<\/h1>\n\t\t\t\t\t\t\t\t<\/div>\n\t\t\t\t<\/div>\n\t\t\t\t<\/div>\n\t\t\t\t\t\t<\/div>\n\t\t\t\t\t<\/div>\n\t\t<\/div>\n\t\t\t\t\t\t\t\t<\/div>\n\t\t\t\t\t<\/div>\n\t\t<\/section>\n\t\t\t\t<section class=\"elementor-section elementor-top-section elementor-element elementor-element-bd11347 elementor-section-boxed elementor-section-height-default elementor-section-height-default\" data-id=\"bd11347\" data-element_type=\"section\" data-settings=\"{&quot;background_background&quot;:&quot;classic&quot;}\">\n\t\t\t\t\t\t<div class=\"elementor-container elementor-column-gap-default\">\n\t\t\t\t\t\t\t<div class=\"elementor-row\">\n\t\t\t\t\t<div class=\"elementor-column elementor-col-25 elementor-top-column elementor-element elementor-element-c5793a7\" data-id=\"c5793a7\" data-element_type=\"column\">\n\t\t\t<div class=\"elementor-column-wrap elementor-element-populated\">\n\t\t\t\t\t\t\t<div class=\"elementor-widget-wrap\">\n\t\t\t\t\t\t<div class=\"elementor-element elementor-element-5c149e7 elementor-view-default elementor-position-top elementor-vertical-align-top elementor-widget elementor-widget-icon-box\" data-id=\"5c149e7\" data-element_type=\"widget\" data-widget_type=\"icon-box.default\">\n\t\t\t\t<div class=\"elementor-widget-container\">\n\t\t\t\t\t<div class=\"elementor-icon-box-wrapper\">\n\t\t\t\t\t\t<div class=\"elementor-icon-box-icon\">\n\t\t\t\t<span class=\"elementor-icon elementor-animation-\" >\n\t\t\t\t<i aria-hidden=\"true\" class=\"far fa-paper-plane\"><\/i>\t\t\t\t<\/span>\n\t\t\t<\/div>\n\t\t\t\t\t\t<div class=\"elementor-icon-box-content\">\n\t\t\t\t<h3 class=\"elementor-icon-box-title\">\n\t\t\t\t\t<span >Dopravu po cel\u00e9m sv\u011bt\u011b<\/span>\n\t\t\t\t<\/h3>\n\t\t\t\t\t\t\t<\/div>\n\t\t<\/div>\n\t\t\t\t<\/div>\n\t\t\t\t<\/div>\n\t\t\t\t\t\t<\/div>\n\t\t\t\t\t<\/div>\n\t\t<\/div>\n\t\t\t\t<div class=\"elementor-column elementor-col-25 elementor-top-column elementor-element elementor-element-800bcbe\" data-id=\"800bcbe\" data-element_type=\"column\">\n\t\t\t<div class=\"elementor-column-wrap elementor-element-populated\">\n\t\t\t\t\t\t\t<div class=\"elementor-widget-wrap\">\n\t\t\t\t\t\t<div class=\"elementor-element elementor-element-6eb0d6f elementor-view-default elementor-position-top elementor-vertical-align-top elementor-widget elementor-widget-icon-box\" data-id=\"6eb0d6f\" data-element_type=\"widget\" data-widget_type=\"icon-box.default\">\n\t\t\t\t<div class=\"elementor-widget-container\">\n\t\t\t\t\t<div class=\"elementor-icon-box-wrapper\">\n\t\t\t\t\t\t<div class=\"elementor-icon-box-icon\">\n\t\t\t\t<span class=\"elementor-icon elementor-animation-\" >\n\t\t\t\t<i aria-hidden=\"true\" class=\"far fa-file-alt\"><\/i>\t\t\t\t<\/span>\n\t\t\t<\/div>\n\t\t\t\t\t\t<div class=\"elementor-icon-box-content\">\n\t\t\t\t<h3 class=\"elementor-icon-box-title\">\n\t\t\t\t\t<span >Certifik\u00e1t pravosti<\/span>\n\t\t\t\t<\/h3>\n\t\t\t\t\t\t\t<\/div>\n\t\t<\/div>\n\t\t\t\t<\/div>\n\t\t\t\t<\/div>\n\t\t\t\t\t\t<\/div>\n\t\t\t\t\t<\/div>\n\t\t<\/div>\n\t\t\t\t<div class=\"elementor-column elementor-col-25 elementor-top-column elementor-element elementor-element-3bf67b1\" data-id=\"3bf67b1\" data-element_type=\"column\">\n\t\t\t<div class=\"elementor-column-wrap elementor-element-populated\">\n\t\t\t\t\t\t\t<div class=\"elementor-widget-wrap\">\n\t\t\t\t\t\t<div class=\"elementor-element elementor-element-3110f33 elementor-view-default elementor-position-top elementor-vertical-align-top elementor-widget elementor-widget-icon-box\" data-id=\"3110f33\" data-element_type=\"widget\" data-widget_type=\"icon-box.default\">\n\t\t\t\t<div class=\"elementor-widget-container\">\n\t\t\t\t\t<div class=\"elementor-icon-box-wrapper\">\n\t\t\t\t\t\t<div class=\"elementor-icon-box-icon\">\n\t\t\t\t<span class=\"elementor-icon elementor-animation-\" >\n\t\t\t\t<i aria-hidden=\"true\" class=\"far fa-money-bill-alt\"><\/i>\t\t\t\t<\/span>\n\t\t\t<\/div>\n\t\t\t\t\t\t<div class=\"elementor-icon-box-content\">\n\t\t\t\t<h3 class=\"elementor-icon-box-title\">\n\t\t\t\t\t<span >Bezpe\u010dnou platbu<\/span>\n\t\t\t\t<\/h3>\n\t\t\t\t\t\t\t<\/div>\n\t\t<\/div>\n\t\t\t\t<\/div>\n\t\t\t\t<\/div>\n\t\t\t\t\t\t<\/div>\n\t\t\t\t\t<\/div>\n\t\t<\/div>\n\t\t\t\t<div class=\"elementor-column elementor-col-25 elementor-top-column elementor-element elementor-element-3265fb8\" data-id=\"3265fb8\" data-element_type=\"column\">\n\t\t\t<div class=\"elementor-column-wrap elementor-element-populated\">\n\t\t\t\t\t\t\t<div class=\"elementor-widget-wrap\">\n\t\t\t\t\t\t<div class=\"elementor-element elementor-element-86421f4 elementor-view-default elementor-position-top elementor-vertical-align-top elementor-widget elementor-widget-icon-box\" data-id=\"86421f4\" data-element_type=\"widget\" data-widget_type=\"icon-box.default\">\n\t\t\t\t<div class=\"elementor-widget-container\">\n\t\t\t\t\t<div class=\"elementor-icon-box-wrapper\">\n\t\t\t\t\t\t<div class=\"elementor-icon-box-icon\">\n\t\t\t\t<span class=\"elementor-icon elementor-animation-\" >\n\t\t\t\t<i aria-hidden=\"true\" class=\"far fa-handshake\"><\/i>\t\t\t\t<\/span>\n\t\t\t<\/div>\n\t\t\t\t\t\t<div class=\"elementor-icon-box-content\">\n\t\t\t\t<h3 class=\"elementor-icon-box-title\">\n\t\t\t\t\t<span >Z\u00e1kaznick\u00fd servis<\/span>\n\t\t\t\t<\/h3>\n\t\t\t\t\t\t\t<\/div>\n\t\t<\/div>\n\t\t\t\t<\/div>\n\t\t\t\t<\/div>\n\t\t\t\t\t\t<\/div>\n\t\t\t\t\t<\/div>\n\t\t<\/div>\n\t\t\t\t\t\t\t\t<\/div>\n\t\t\t\t\t<\/div>\n\t\t<\/section>\n\t\t\t\t<section class=\"elementor-section elementor-top-section elementor-element elementor-element-b64364e elementor-section-boxed elementor-section-height-default elementor-section-height-default\" data-id=\"b64364e\" data-element_type=\"section\" data-settings=\"{&quot;background_background&quot;:&quot;classic&quot;}\">\n\t\t\t\t\t\t<div class=\"elementor-container elementor-column-gap-default\">\n\t\t\t\t\t\t\t<div class=\"elementor-row\">\n\t\t\t\t\t<div class=\"elementor-column elementor-col-100 elementor-top-column elementor-element elementor-element-58a5fcd\" data-id=\"58a5fcd\" data-element_type=\"column\">\n\t\t\t<div class=\"elementor-column-wrap elementor-element-populated\">\n\t\t\t\t\t\t\t<div class=\"elementor-widget-wrap\">\n\t\t\t\t\t\t<div class=\"elementor-element elementor-element-00f5938 elementor-widget elementor-widget-spacer\" data-id=\"00f5938\" data-element_type=\"widget\" data-widget_type=\"spacer.default\">\n\t\t\t\t<div class=\"elementor-widget-container\">\n\t\t\t\t\t<div class=\"elementor-spacer\">\n\t\t\t<div class=\"elementor-spacer-inner\"><\/div>\n\t\t<\/div>\n\t\t\t\t<\/div>\n\t\t\t\t<\/div>\n\t\t\t\t\t\t<\/div>\n\t\t\t\t\t<\/div>\n\t\t<\/div>\n\t\t\t\t\t\t\t\t<\/div>\n\t\t\t\t\t<\/div>\n\t\t<\/section>\n\t\t\t\t\t\t<\/div>\n\t\t\t\t\t\t<\/div>\n\t\t\t\t\t<\/div>","protected":false},"excerpt":{"rendered":"<p>Services General Services Try before you buy Uncertain about how that painting you love will look in your home or which one to chose? Send us the photo of your interior and we would be happy to \u2018install\u2019 the paintings you have chosen virtually to help you to find just the right piece or place! [&hellip;]<\/p>\n","protected":false},"author":1,"featured_media":0,"parent":0,"menu_order":0,"comment_status":"closed","ping_status":"closed","template":"elementor_header_footer","meta":{"footnotes":""},"class_list":["post-327","page","type-page","status-publish","hentry"],"aioseo_notices":[],"_links":{"self":[{"href":"https:\/\/galeriejakubska.com\/cs\/wp-json\/wp\/v2\/pages\/327","targetHints":{"allow":["GET"]}}],"collection":[{"href":"https:\/\/galeriejakubska.com\/cs\/wp-json\/wp\/v2\/pages"}],"about":[{"href":"https:\/\/galeriejakubska.com\/cs\/wp-json\/wp\/v2\/types\/page"}],"author":[{"embeddable":true,"href":"https:\/\/galeriejakubska.com\/cs\/wp-json\/wp\/v2\/users\/1"}],"replies":[{"embeddable":true,"href":"https:\/\/galeriejakubska.com\/cs\/wp-json\/wp\/v2\/comments?post=327"}],"version-history":[{"count":16,"href":"https:\/\/galeriejakubska.com\/cs\/wp-json\/wp\/v2\/pages\/327\/revisions"}],"predecessor-version":[{"id":6831,"href":"https:\/\/galeriejakubska.com\/cs\/wp-json\/wp\/v2\/pages\/327\/revisions\/6831"}],"wp:attachment":[{"href":"https:\/\/galeriejakubska.com\/cs\/wp-json\/wp\/v2\/media?parent=327"}],"curies":[{"name":"wp","href":"https:\/\/api.w.org\/{rel}","templated":true}]}}