{"id":542,"date":"2019-01-17T02:47:10","date_gmt":"2019-01-17T02:47:10","guid":{"rendered":"http:\/\/demo.ovathemes.com\/muzze\/?page_id=542"},"modified":"2020-07-10T13:59:39","modified_gmt":"2020-07-10T10:59:39","slug":"faq","status":"publish","type":"page","link":"https:\/\/galeriejakubska.com\/cs\/faq\/","title":{"rendered":"\u010casto kladen\u00e9 ot\u00e1zky"},"content":{"rendered":"<div data-elementor-type=\"wp-post\" data-elementor-id=\"542\" data-post-id=\"542\" data-obj-id=\"542\" class=\"elementor elementor-542 dce-elementor-post-542\" data-elementor-settings=\"[]\">\n\t\t\t\t\t\t<div class=\"elementor-inner\">\n\t\t\t\t\t\t\t<div class=\"elementor-section-wrap\">\n\t\t\t\t\t\t\t<section class=\"elementor-section elementor-top-section elementor-element elementor-element-c7a34cb elementor-section-full_width elementor-section-height-default elementor-section-height-default\" data-id=\"c7a34cb\" data-element_type=\"section\" data-settings=\"{&quot;background_background&quot;:&quot;classic&quot;}\">\n\t\t\t\t\t\t\t<div class=\"elementor-background-overlay\"><\/div>\n\t\t\t\t\t\t\t<div class=\"elementor-container elementor-column-gap-default\">\n\t\t\t\t\t\t\t<div class=\"elementor-row\">\n\t\t\t\t\t<div class=\"elementor-column elementor-col-100 elementor-top-column elementor-element elementor-element-2e63541\" data-id=\"2e63541\" data-element_type=\"column\">\n\t\t\t<div class=\"elementor-column-wrap elementor-element-populated\">\n\t\t\t\t\t\t\t<div class=\"elementor-widget-wrap\">\n\t\t\t\t\t\t<div class=\"elementor-element elementor-element-9b6232e elementor-widget elementor-widget-ova_heading_page\" data-id=\"9b6232e\" data-element_type=\"widget\" data-widget_type=\"ova_heading_page.default\">\n\t\t\t\t<div class=\"elementor-widget-container\">\n\t\t\t\n\t\t<section class=\"heading-page\" style=\"background-image: url(http:\/\/demo.ovathemes.com\/muzze\/wp-content\/uploads\/2019\/01\/bg_header_faq-1.jpg)\" >\n\t\t\t<div class=\"container\">\n\t\t\t\t<div class=\"cta-content\">\n\t\t\t\t\t\t\t\t\t\t\t<h2 class=\"second_font\">\u010casto kladen\u00e9 ot\u00e1zky<\/h2>\n\t\t\t\t\t\t\t\t\t\t\n\t\t\t\t<\/div>\n\t\t\t<\/div>\n\t\t<\/section>\n\n\t\t\t<\/div>\n\t\t\t\t<\/div>\n\t\t\t\t\t\t<\/div>\n\t\t\t\t\t<\/div>\n\t\t<\/div>\n\t\t\t\t\t\t\t\t<\/div>\n\t\t\t\t\t<\/div>\n\t\t<\/section>\n\t\t\t\t<section class=\"elementor-section elementor-top-section elementor-element elementor-element-6d21098 elementor-section-boxed elementor-section-height-default elementor-section-height-default\" data-id=\"6d21098\" data-element_type=\"section\" data-settings=\"{&quot;background_background&quot;:&quot;classic&quot;}\">\n\t\t\t\t\t\t<div class=\"elementor-container elementor-column-gap-default\">\n\t\t\t\t\t\t\t<div class=\"elementor-row\">\n\t\t\t\t\t<div class=\"elementor-column elementor-col-100 elementor-top-column elementor-element elementor-element-4b11573\" data-id=\"4b11573\" data-element_type=\"column\">\n\t\t\t<div class=\"elementor-column-wrap elementor-element-populated\">\n\t\t\t\t\t\t\t<div class=\"elementor-widget-wrap\">\n\t\t\t\t\t\t<div class=\"elementor-element elementor-element-0ef9091 line-height-32 elementor-widget elementor-widget-text-editor\" data-id=\"0ef9091\" data-element_type=\"widget\" data-widget_type=\"text-editor.default\">\n\t\t\t\t<div class=\"elementor-widget-container\">\n\t\t\t\t\t\t\t\t<div class=\"elementor-text-editor elementor-clearfix\">\n\t\t\t\t\t\t\t\t\t\t<\/div>\n\t\t\t\t\t\t<\/div>\n\t\t\t\t<\/div>\n\t\t\t\t\t\t<\/div>\n\t\t\t\t\t<\/div>\n\t\t<\/div>\n\t\t\t\t\t\t\t\t<\/div>\n\t\t\t\t\t<\/div>\n\t\t<\/section>\n\t\t\t\t<section class=\"elementor-section elementor-top-section elementor-element elementor-element-4c92682 elementor-section-boxed elementor-section-height-default elementor-section-height-default\" data-id=\"4c92682\" data-element_type=\"section\" data-settings=\"{&quot;background_background&quot;:&quot;classic&quot;}\">\n\t\t\t\t\t\t<div class=\"elementor-container elementor-column-gap-default\">\n\t\t\t\t\t\t\t<div class=\"elementor-row\">\n\t\t\t\t\t<div class=\"elementor-column elementor-col-50 elementor-top-column elementor-element elementor-element-5086c94\" data-id=\"5086c94\" data-element_type=\"column\">\n\t\t\t<div class=\"elementor-column-wrap elementor-element-populated\">\n\t\t\t\t\t\t\t<div class=\"elementor-widget-wrap\">\n\t\t\t\t\t\t<div class=\"elementor-element elementor-element-9bfc7d8 elementor-widget elementor-widget-ova_muzze_according\" data-id=\"9bfc7d8\" data-element_type=\"widget\" data-widget_type=\"ova_muzze_according.default\">\n\t\t\t\t<div class=\"elementor-widget-container\">\n\t\t\t\n\t<div class=\"ova_muzze_according wp-ova-according-163\">\n\t\t\t\t\t\t\t<div class=\"accor-muzze-content  ova-faq  hide\">\n\t\t\t\t\t\t<div class=\"wp-title\" data-option=\"163\">\n\t\t\t\t\t\t\t<span class=\"title\" >Nab\u00edz\u00ed Galerie Jakubsk\u00e1 slu\u017eby r\u00e1mov\u00e1n\u00ed?<\/span>\n\t\t\t\t\t\t\t\t\t\t\t\t\t\t<span class=\"icon-accor\" ><i class=\"fa fa-angle-down\" id=\"164\" ><\/i><\/span>\n\t\t\t\t\t\t<\/div>\n\t\t\t\t\t\t<div id=\"slide-164\" class=\"content\" >\n\t\t\t\t\t\t\t\t\t\t\t\t\t\t\t<div class=\"item-conten\">\n\t\t\t\t\t\t\t\t\t<p>V\u0161echna origin\u00e1ln\u00ed um\u011bleck\u00e1 d\u00edla Galerie Jakubsk\u00e1 jsou or\u00e1mov\u00e1na jednoduch\u00fdm \u010dern\u00fdm r\u00e1mem.<\/p>\t\t\t\t\t\t\t\t<\/div>\n\t\t\t\t\t\t\t\t\t\t\t\t\t\t\t\t\t\t\t\t<\/div>\n\t\t\t\t\t<\/div>\n\t\t\t\t\t\t\t\t\t\t<div class=\"accor-muzze-content  ova-faq  active show\">\n\t\t\t\t\t\t<div class=\"wp-title\" data-option=\"163\">\n\t\t\t\t\t\t\t<span class=\"title\" >Je v cen\u011b zahrnuto DPH?<\/span>\n\t\t\t\t\t\t\t\t\t\t\t\t\t\t<span class=\"icon-accor\" ><i class=\"fa fa-angle-down\" id=\"165\" ><\/i><\/span>\n\t\t\t\t\t\t<\/div>\n\t\t\t\t\t\t<div id=\"slide-165\" class=\"content\" >\n\t\t\t\t\t\t\t\t\t\t\t\t\t\t\t<div class=\"item-conten\">\n\t\t\t\t\t\t\t\t\t<p>DPH, kter\u00e9 v \u010cesk\u00e9 republice \u010din\u00ed 21 %, je ji\u017e zahrnuto v cen\u011b d\u011bl. V p\u0159\u00edpad\u011b doru\u010den\u00ed zakoupen\u00e9ho um\u011bleck\u00e9ho d\u00edlo do zem\u00ed mimo EU bude cena sn\u00ed\u017eena o<br \/>v\u00fd\u0161e uveden\u00e1 procenta.<\/p>\t\t\t\t\t\t\t\t<\/div>\n\t\t\t\t\t\t\t\t\t\t\t\t\t\t\t\t\t\t\t\t<\/div>\n\t\t\t\t\t<\/div>\n\t\t\t\t\t\t\t\t\t\t<div class=\"accor-muzze-content  ova-faq  hide\">\n\t\t\t\t\t\t<div class=\"wp-title\" data-option=\"163\">\n\t\t\t\t\t\t\t<span class=\"title\" >Zaplat\u00edm da\u0148 p\u0159i dovozu um\u011bleck\u00fdch d\u011bl do USA?<\/span>\n\t\t\t\t\t\t\t\t\t\t\t\t\t\t<span class=\"icon-accor\" ><i class=\"fa fa-angle-down\" id=\"166\" ><\/i><\/span>\n\t\t\t\t\t\t<\/div>\n\t\t\t\t\t\t<div id=\"slide-166\" class=\"content\" >\n\t\t\t\t\t\t\t\t\t\t\t\t\t\t\t<div class=\"item-conten\">\n\t\t\t\t\t\t\t\t\t<p>USA maj\u00ed 0% MFN clo. V\u00fd\u0161e splatn\u00e9 dan\u011b z\u00e1vis\u00ed na st\u00e1tu (m\u016f\u017ee tak\u00e9 z\u00e1viset na prodej\u00edch mezi st\u00e1ty);<br \/>m\u016f\u017ee b\u00fdt \u00fa\u010dtov\u00e1n poplatek za zpracov\u00e1n\u00ed zbo\u017e\u00ed.<\/p>\t\t\t\t\t\t\t\t<\/div>\n\t\t\t\t\t\t\t\t\t\t\t\t\t\t\t\t\t\t\t\t<\/div>\n\t\t\t\t\t<\/div>\n\t\t\t\t\t\t\t\t\t\t<div class=\"accor-muzze-content  ova-faq  hide\">\n\t\t\t\t\t\t<div class=\"wp-title\" data-option=\"163\">\n\t\t\t\t\t\t\t<span class=\"title\" >Poskytujete certifik\u00e1t pravosti?<\/span>\n\t\t\t\t\t\t\t\t\t\t\t\t\t\t<span class=\"icon-accor\" ><i class=\"fa fa-angle-down\" id=\"167\" ><\/i><\/span>\n\t\t\t\t\t\t<\/div>\n\t\t\t\t\t\t<div id=\"slide-167\" class=\"content\" >\n\t\t\t\t\t\t\t\t\t\t\t\t\t\t\t<div class=\"item-conten\">\n\t\t\t\t\t\t\t\t\t<p>V\u0161echna um\u011bleck\u00e1 d\u00edla prod\u00e1v\u00e1me s certifik\u00e1tem pravosti. Krom\u011b toho jsou v\u0161echna vyd\u00e1n\u00ed (fotografie, tisky atd.) o\u010d\u00edslov\u00e1na a podeps\u00e1na um\u011blcem.<\/p>\t\t\t\t\t\t\t\t<\/div>\n\t\t\t\t\t\t\t\t\t\t\t\t\t\t\t\t\t\t\t\t<\/div>\n\t\t\t\t\t<\/div>\n\t\t\t\t\t\t<\/div>\n\t\t\t<\/div>\n\t\t\t\t<\/div>\n\t\t\t\t\t\t<\/div>\n\t\t\t\t\t<\/div>\n\t\t<\/div>\n\t\t\t\t<div class=\"elementor-column elementor-col-50 elementor-top-column elementor-element elementor-element-0e58599\" data-id=\"0e58599\" data-element_type=\"column\">\n\t\t\t<div class=\"elementor-column-wrap elementor-element-populated\">\n\t\t\t\t\t\t\t<div class=\"elementor-widget-wrap\">\n\t\t\t\t\t\t<div class=\"elementor-element elementor-element-161ee6a elementor-widget elementor-widget-ova_muzze_according\" data-id=\"161ee6a\" data-element_type=\"widget\" data-widget_type=\"ova_muzze_according.default\">\n\t\t\t\t<div class=\"elementor-widget-container\">\n\t\t\t\n\t<div class=\"ova_muzze_according wp-ova-according-231\">\n\t\t\t\t\t\t\t<div class=\"accor-muzze-content  ova-faq  hide\">\n\t\t\t\t\t\t<div class=\"wp-title\" data-option=\"231\">\n\t\t\t\t\t\t\t<span class=\"title\" >Mohu zaplatit ve spl\u00e1tk\u00e1ch?<\/span>\n\t\t\t\t\t\t\t\t\t\t\t\t\t\t<span class=\"icon-accor\" ><i class=\"fa fa-angle-down\" id=\"232\" ><\/i><\/span>\n\t\t\t\t\t\t<\/div>\n\t\t\t\t\t\t<div id=\"slide-232\" class=\"content\" >\n\t\t\t\t\t\t\t\t\t\t\t\t\t\t\t<div class=\"item-conten\">\n\t\t\t\t\t\t\t\t\t<p>Samoz\u0159ejm\u011b! Pro v\u00edce informac\u00ed n\u00e1s kontaktujte: info@galeriejakubska.com.<\/p>\t\t\t\t\t\t\t\t<\/div>\n\t\t\t\t\t\t\t\t\t\t\t\t\t\t\t\t\t\t\t\t<\/div>\n\t\t\t\t\t<\/div>\n\t\t\t\t\t\t\t\t\t\t<div class=\"accor-muzze-content  ova-faq  active show\">\n\t\t\t\t\t\t<div class=\"wp-title\" data-option=\"231\">\n\t\t\t\t\t\t\t<span class=\"title\" >Jak m\u00e1m d\u00edlo pov\u011bsit?<\/span>\n\t\t\t\t\t\t\t\t\t\t\t\t\t\t<span class=\"icon-accor\" ><i class=\"fa fa-angle-down\" id=\"233\" ><\/i><\/span>\n\t\t\t\t\t\t<\/div>\n\t\t\t\t\t\t<div id=\"slide-233\" class=\"content\" >\n\t\t\t\t\t\t\t\t\t\t\t\t\t\t\t<div class=\"item-conten\">\n\t\t\t\t\t\t\t\t\t<p>Zkuste obrazy zav\u011bsit tak, aby \u00fast\u0159edn\u00ed bod malby byl v \u00farovni o\u010d\u00ed. To znamen\u00e1, \u017ee pokud m\u00e1 v\u00e1\u0161 obraz jeden velk\u00fd prvek, mus\u00ed b\u00fdt v \u00farovni o\u010d\u00ed. Ujist\u011bte se, \u017ee lze dos\u00e1hnout ur\u010dit\u00e9 \u201epozorovac\u00ed vzd\u00e1lenosti\u201c. Mus\u00edte b\u00fdt schopni se postavit p\u00e1r krok\u016f (0,6\u20131,5 metru) a pod\u00edvat se na obraz jako celek. V p\u0159\u00edpad\u011b obraz\u016f na pl\u00e1tn\u011b m\u016f\u017eete zd\u016fraznit hloubku a kr\u00e1su malby instalac\u00ed bodov\u00e9ho osv\u011btlen\u00ed.<\/p>\t\t\t\t\t\t\t\t<\/div>\n\t\t\t\t\t\t\t\t\t\t\t\t\t\t\t\t\t\t\t\t<\/div>\n\t\t\t\t\t<\/div>\n\t\t\t\t\t\t\t\t\t\t<div class=\"accor-muzze-content  ova-faq  hide\">\n\t\t\t\t\t\t<div class=\"wp-title\" data-option=\"231\">\n\t\t\t\t\t\t\t<span class=\"title\" >Mohu se pod\u00edvat, jak by d\u00edlo vypadalo na m\u00e9 zdi?<\/span>\n\t\t\t\t\t\t\t\t\t\t\t\t\t\t<span class=\"icon-accor\" ><i class=\"fa fa-angle-down\" id=\"234\" ><\/i><\/span>\n\t\t\t\t\t\t<\/div>\n\t\t\t\t\t\t<div id=\"slide-234\" class=\"content\" >\n\t\t\t\t\t\t\t\t\t\t\t\t\t\t\t<div class=\"item-conten\">\n\t\t\t\t\t\t\t\t\t<p>Najd\u011bte doma pr\u00e1zdnou ze\u010f a po\u0159i\u010fte fotografii prostoru (\u010d\u00edm vy\u0161\u0161\u00ed rozli\u0161en\u00ed, t\u00edm lep\u0161\u00ed!) s p\u0159ilepen\u00fdm listem A4. (Tento pap\u00edr pou\u017e\u00edv\u00e1me pro spr\u00e1vn\u00e9 p\u0159izp\u016fsoben\u00ed malby va\u0161emu prostoru.)<br \/>Dejte n\u00e1m v\u011bd\u011bt, o kter\u00fd kus nebo kter\u00e9 kusy m\u00e1te z\u00e1jem, po\u0161lete n\u00e1m obr\u00e1zek sv\u00e9 st\u011bny a my na ni digit\u00e1ln\u011b \u201epov\u011bs\u00edme\u201c vybran\u00e1 d\u00edla. U\u017e si nemus\u00edte nic p\u0159edstavovat \u2013 uvid\u00edte, jak bude d\u00edlo vypadat<br \/>p\u0159\u00edmo na va\u0161\u00ed zdi!<\/p>\t\t\t\t\t\t\t\t<\/div>\n\t\t\t\t\t\t\t\t\t\t\t\t\t\t\t\t\t\t\t\t<\/div>\n\t\t\t\t\t<\/div>\n\t\t\t\t\t\t<\/div>\n\t\t\t<\/div>\n\t\t\t\t<\/div>\n\t\t\t\t\t\t<\/div>\n\t\t\t\t\t<\/div>\n\t\t<\/div>\n\t\t\t\t\t\t\t\t<\/div>\n\t\t\t\t\t<\/div>\n\t\t<\/section>\n\t\t\t\t<section class=\"elementor-section elementor-top-section elementor-element elementor-element-6d9828a elementor-section-boxed elementor-section-height-default elementor-section-height-default\" data-id=\"6d9828a\" data-element_type=\"section\" data-settings=\"{&quot;background_background&quot;:&quot;classic&quot;}\">\n\t\t\t\t\t\t<div class=\"elementor-container elementor-column-gap-default\">\n\t\t\t\t\t\t\t<div class=\"elementor-row\">\n\t\t\t\t\t<div class=\"elementor-column elementor-col-100 elementor-top-column elementor-element elementor-element-b64f37f\" data-id=\"b64f37f\" data-element_type=\"column\">\n\t\t\t<div class=\"elementor-column-wrap elementor-element-populated\">\n\t\t\t\t\t\t\t<div class=\"elementor-widget-wrap\">\n\t\t\t\t\t\t<div class=\"elementor-element elementor-element-dd66ba0 elementor-widget elementor-widget-heading\" data-id=\"dd66ba0\" data-element_type=\"widget\" data-widget_type=\"heading.default\">\n\t\t\t\t<div class=\"elementor-widget-container\">\n\t\t\t<h2 class=\"elementor-heading-title elementor-size-default\">Chyb\u00ed V\u00e1m informace?<\/h2>\t\t<\/div>\n\t\t\t\t<\/div>\n\t\t\t\t<div class=\"elementor-element elementor-element-62f94ad elementor-widget elementor-widget-text-editor\" data-id=\"62f94ad\" data-element_type=\"widget\" data-widget_type=\"text-editor.default\">\n\t\t\t\t<div class=\"elementor-widget-container\">\n\t\t\t\t\t\t\t\t<div class=\"elementor-text-editor elementor-clearfix\">\n\t\t\t\t\t<p><span style=\"color: #777777;\">Jsme tu proto, abychom pomohli lidem, kte\u0159\u00ed to pot\u0159ebuj\u00ed, a\u0165 jsou kdekoli ve vesm\u00edru. Po\u0161lete n\u00e1m pros\u00edm sv\u00e9 ot\u00e1zky t\u00fdkaj\u00edc\u00ed se probl\u00e9mu.<\/span><\/p>\t\t\t\t\t<\/div>\n\t\t\t\t\t\t<\/div>\n\t\t\t\t<\/div>\n\t\t\t\t<div class=\"elementor-element elementor-element-8242f5d elementor-align-center elementor-widget elementor-widget-button\" data-id=\"8242f5d\" data-element_type=\"widget\" data-widget_type=\"button.default\">\n\t\t\t\t<div class=\"elementor-widget-container\">\n\t\t\t\t\t<div class=\"elementor-button-wrapper\">\n\t\t\t<a href=\"https:\/\/galeriejakubska.com\/cs\/contact\/\" class=\"elementor-button-link elementor-button elementor-size-sm\" role=\"button\">\n\t\t\t\t\t\t<span class=\"elementor-button-content-wrapper\">\n\t\t\t\t\t\t<span class=\"elementor-button-text\">EMAIL YOUR QUESTION<\/span>\n\t\t<\/span>\n\t\t\t\t\t<\/a>\n\t\t<\/div>\n\t\t\t\t<\/div>\n\t\t\t\t<\/div>\n\t\t\t\t\t\t<\/div>\n\t\t\t\t\t<\/div>\n\t\t<\/div>\n\t\t\t\t\t\t\t\t<\/div>\n\t\t\t\t\t<\/div>\n\t\t<\/section>\n\t\t\t\t\t\t<\/div>\n\t\t\t\t\t\t<\/div>\n\t\t\t\t\t<\/div>","protected":false},"excerpt":{"rendered":"<p>FAQ Does Gallery Jakubsk\u00e1 provides framing services? All of the original artworks offered by Galerie Jakubska are framed with a simple black frame. Does VAT include in the price? VAT is included in the price of your artworks, which is 21 % in Czech Republic. In case your purchased artwork will be shipped to non-EU [&hellip;]<\/p>\n","protected":false},"author":1,"featured_media":0,"parent":0,"menu_order":0,"comment_status":"closed","ping_status":"closed","template":"elementor_header_footer","meta":{"footnotes":""},"class_list":["post-542","page","type-page","status-publish","hentry"],"aioseo_notices":[],"_links":{"self":[{"href":"https:\/\/galeriejakubska.com\/cs\/wp-json\/wp\/v2\/pages\/542","targetHints":{"allow":["GET"]}}],"collection":[{"href":"https:\/\/galeriejakubska.com\/cs\/wp-json\/wp\/v2\/pages"}],"about":[{"href":"https:\/\/galeriejakubska.com\/cs\/wp-json\/wp\/v2\/types\/page"}],"author":[{"embeddable":true,"href":"https:\/\/galeriejakubska.com\/cs\/wp-json\/wp\/v2\/users\/1"}],"replies":[{"embeddable":true,"href":"https:\/\/galeriejakubska.com\/cs\/wp-json\/wp\/v2\/comments?post=542"}],"version-history":[{"count":9,"href":"https:\/\/galeriejakubska.com\/cs\/wp-json\/wp\/v2\/pages\/542\/revisions"}],"predecessor-version":[{"id":7013,"href":"https:\/\/galeriejakubska.com\/cs\/wp-json\/wp\/v2\/pages\/542\/revisions\/7013"}],"wp:attachment":[{"href":"https:\/\/galeriejakubska.com\/cs\/wp-json\/wp\/v2\/media?parent=542"}],"curies":[{"name":"wp","href":"https:\/\/api.w.org\/{rel}","templated":true}]}}