{"id":8910,"date":"2022-10-27T16:03:59","date_gmt":"2022-10-27T13:03:59","guid":{"rendered":"https:\/\/galeriejakubska.com\/?page_id=8910"},"modified":"2022-10-27T16:06:49","modified_gmt":"2022-10-27T13:06:49","slug":"privat-policy","status":"publish","type":"page","link":"https:\/\/galeriejakubska.com\/cs\/privat-policy\/","title":{"rendered":"Privat Policy"},"content":{"rendered":"<div data-elementor-type=\"wp-page\" data-elementor-id=\"8910\" data-post-id=\"8910\" data-obj-id=\"8910\" class=\"elementor elementor-8910 dce-elementor-post-8910\" data-elementor-settings=\"[]\">\n\t\t\t\t\t\t<div class=\"elementor-inner\">\n\t\t\t\t\t\t\t<div class=\"elementor-section-wrap\">\n\t\t\t\t\t\t\t<section class=\"elementor-section elementor-top-section elementor-element elementor-element-c8d7486 elementor-section-boxed elementor-section-height-default elementor-section-height-default\" data-id=\"c8d7486\" data-element_type=\"section\">\n\t\t\t\t\t\t<div class=\"elementor-container elementor-column-gap-default\">\n\t\t\t\t\t\t\t<div class=\"elementor-row\">\n\t\t\t\t\t<div class=\"elementor-column elementor-col-100 elementor-top-column elementor-element elementor-element-81703ea\" data-id=\"81703ea\" data-element_type=\"column\">\n\t\t\t<div class=\"elementor-column-wrap elementor-element-populated\">\n\t\t\t\t\t\t\t<div class=\"elementor-widget-wrap\">\n\t\t\t\t\t\t<div class=\"elementor-element elementor-element-f0b6aeb elementor-widget elementor-widget-text-editor\" data-id=\"f0b6aeb\" data-element_type=\"widget\" data-widget_type=\"text-editor.default\">\n\t\t\t\t<div class=\"elementor-widget-container\">\n\t\t\t\t\t\t\t\t<div class=\"elementor-text-editor elementor-clearfix\">\n\t\t\t\t\t<p class=\"p\"><span style=\"display: block;\">Zpracov\u00e1n\u00ed osobn\u00edch \u00fadaj\u016f<\/span>\n<span style=\"display: block;\">Ud\u011blen\u00edm souhlasu se zpracov\u00e1n\u00edm osobn\u00edch \u00fadaj\u016f svolujete, aby spole\u010dnost Alexandr Oni\u0161\u010denko \u2013 Galerie jakubska, Jakubska 4\/744, Praha 1, 110 00, I\u010cO: 4927 4007, DI\u010c: CZ 5707 1720 42 (d\u00e1le jen \u201eSpr\u00e1vce\u201c) v souladu s Na\u0159\u00edzen\u00edm (EU) 2016\/679 (GDPR) o ochran\u011b osobn\u00edch \u00fadaj\u016f zpracov\u00e1vala tyto va\u0161e osobn\u00ed \u00fadaje: jm\u00e9no a p\u0159\u00edjmen\u00ed, n\u00e1zev spole\u010dnosti, email, telefonn\u00ed \u010d\u00edslo, adresu, I\u010c a DI\u010c v p\u0159\u00edpad\u011b firemn\u00edch zak\u00e1zek. Zm\u00edn\u011bn\u00e9 osobn\u00ed \u00fadaje zpracov\u00e1v\u00e1me za \u00fa\u010delem expedice Va\u0161\u00ed objedn\u00e1vky a Spr\u00e1vce je bude zpracov\u00e1vat 5 let.<\/span><\/p>\n<p class=\"p\"><span style=\"display: block;\">Pou\u010den\u00ed klienta:<\/span>\n<span style=\"display: block;\">\u00da\u010del zpracov\u00e1n\u00ed<\/span>\n<span style=\"display: block;\">Na z\u00e1klad\u011b Souhlasu bude Spole\u010dnost zpracov\u00e1vat \u00fadaje klienta v elektronick\u00e9 a\/nebo ti\u0161t\u011bn\u00e9 podob\u011b a pro \u00fa\u010dely marketingu a nab\u00edzen\u00ed zbo\u017e\u00ed a slu\u017eeb.\nRozsah zpracov\u00e1n\u00ed<\/span><\/p>\n<p class=\"p\"><span style=\"display: block;\">Klient bere na v\u011bdom\u00ed, \u017ee \u00fadaje budou vlo\u017eeny do elektronicky veden\u00e9 datab\u00e1ze za \u00fa\u010delem snadn\u00e9ho vyhled\u00e1n\u00ed konkr\u00e9tn\u00edch \u00fadaj\u016f.\nOchrana osobn\u00edch \u00fadaj\u016f<\/span>\n<span style=\"display: block;\">Spole\u010dnost p\u0159ijme takov\u00e1 opat\u0159en\u00ed, aby nedoch\u00e1zelo k neopr\u00e1vn\u011bn\u00e9mu nebo nahodil\u00e9mu p\u0159\u00edstupu k osobn\u00edm a citliv\u00fdm \u00fadaj\u016fm klienta, k jejich zm\u011bn\u011b, zni\u010den\u00ed \u010di ztr\u00e1t\u011b, neopr\u00e1vn\u011bn\u00fdm p\u0159enos\u016fm, k jejich jin\u00e9mu neopr\u00e1vn\u011bn\u00e9mu zpracov\u00e1n\u00ed, jako\u017e i k jin\u00e9mu zneu\u017eit\u00ed osobn\u00edch \u00fadaj\u016f klienta, co\u017e plat\u00ed i po ukon\u010den\u00ed zpracov\u00e1n\u00ed osobn\u00edch \u00fadaj\u016f klienta.<\/span>\n<span style=\"display: block;\">Poskytov\u00e1n\u00ed informac\u00ed o osobn\u00edch \u00fadaj\u00edch<\/span>\n<span style=\"display: block;\">Klient je opr\u00e1vn\u011bn \u017e\u00e1dat o informaci o zpracov\u00e1n\u00ed a nakl\u00e1d\u00e1n\u00ed s osobn\u00edmi \u00fadaji klienta, a Spole\u010dnost se zavazuje tuto informaci bez zbyte\u010dn\u00e9ho odkladu v pln\u00e9m rozsahu p\u0159edat.<\/span><\/p>\n<p class=\"p\">S v\u00fd\u0161e uveden\u00fdm zpracov\u00e1n\u00edm vyjmenovan\u00fdch osobn\u00edch \u00fadaj\u016f ud\u011blujete sv\u016fj v\u00fdslovn\u00fd a informovan\u00fd souhlas, kter\u00fd ale m\u016f\u017eete vz\u00edt kdykoliv zp\u011bt. Sta\u010d\u00ed nap\u0159\u00edklad zaslat email na adresu <a href=\"mailto:info@galeriejakubska.com\">info@galeriejakubska.com<\/a>.<\/p>\n<p class=\"p\">Podle zm\u00edn\u011bn\u00e9ho na\u0159\u00edzen\u00ed GDPR o ochran\u011b osobn\u00edch \u00fadaj\u016f m\u00e1te pr\u00e1vo vz\u00edt sv\u016fj souhlas kdykoliv zp\u011bt, po\u017eadovat po n\u00e1s zpr\u00e1vy o tom, jak\u00e9 va\u0161e osobn\u00ed \u00fadaje zpracov\u00e1v\u00e1me, po\u017eadovat po n\u00e1s vysv\u011btlen\u00ed d\u016fvodu a zpracov\u00e1n\u00ed osobn\u00edch \u00fadaj\u016f, po\u017e\u00e1dat o p\u0159\u00edstup k t\u011bmto \u00fadaj\u016fm, kter\u00e9 m\u016f\u017eete opravit nebo aktualizovat, po\u017eadovat po n\u00e1s smaz\u00e1n\u00ed sv\u00fdch osobn\u00edch \u00fadaj\u016f, obr\u00e1tit se na n\u00e1s nebo na \u00da\u0159ad pro ochranu osobn\u00edch \u00fadaj\u016f, pokud budete m\u00edt pochybnosti o dodr\u017eov\u00e1n\u00ed povinnost\u00ed se zpracov\u00e1n\u00edm osobn\u00edch \u00fadaj\u016f z na\u0161\u00ed strany.<\/p>\t\t\t\t\t<\/div>\n\t\t\t\t\t\t<\/div>\n\t\t\t\t<\/div>\n\t\t\t\t\t\t<\/div>\n\t\t\t\t\t<\/div>\n\t\t<\/div>\n\t\t\t\t\t\t\t\t<\/div>\n\t\t\t\t\t<\/div>\n\t\t<\/section>\n\t\t\t\t\t\t<\/div>\n\t\t\t\t\t\t<\/div>\n\t\t\t\t\t<\/div>","protected":false},"excerpt":{"rendered":"<p>Zpracov\u00e1n\u00ed osobn\u00edch \u00fadaj\u016f Ud\u011blen\u00edm souhlasu se zpracov\u00e1n\u00edm osobn\u00edch \u00fadaj\u016f svolujete, aby spole\u010dnost Alexandr Oni\u0161\u010denko \u2013 Galerie jakubska, Jakubska 4\/744, Praha 1, 110 00, I\u010cO: 4927 4007, DI\u010c: CZ 5707 1720 42 (d\u00e1le jen \u201eSpr\u00e1vce\u201c) v souladu s Na\u0159\u00edzen\u00edm (EU) 2016\/679 (GDPR) o ochran\u011b osobn\u00edch \u00fadaj\u016f zpracov\u00e1vala tyto va\u0161e osobn\u00ed \u00fadaje: jm\u00e9no a p\u0159\u00edjmen\u00ed, n\u00e1zev spole\u010dnosti, [&hellip;]<\/p>\n","protected":false},"author":2,"featured_media":0,"parent":0,"menu_order":0,"comment_status":"closed","ping_status":"closed","template":"","meta":{"footnotes":""},"class_list":["post-8910","page","type-page","status-publish","hentry"],"aioseo_notices":[],"_links":{"self":[{"href":"https:\/\/galeriejakubska.com\/cs\/wp-json\/wp\/v2\/pages\/8910","targetHints":{"allow":["GET"]}}],"collection":[{"href":"https:\/\/galeriejakubska.com\/cs\/wp-json\/wp\/v2\/pages"}],"about":[{"href":"https:\/\/galeriejakubska.com\/cs\/wp-json\/wp\/v2\/types\/page"}],"author":[{"embeddable":true,"href":"https:\/\/galeriejakubska.com\/cs\/wp-json\/wp\/v2\/users\/2"}],"replies":[{"embeddable":true,"href":"https:\/\/galeriejakubska.com\/cs\/wp-json\/wp\/v2\/comments?post=8910"}],"version-history":[{"count":4,"href":"https:\/\/galeriejakubska.com\/cs\/wp-json\/wp\/v2\/pages\/8910\/revisions"}],"predecessor-version":[{"id":8915,"href":"https:\/\/galeriejakubska.com\/cs\/wp-json\/wp\/v2\/pages\/8910\/revisions\/8915"}],"wp:attachment":[{"href":"https:\/\/galeriejakubska.com\/cs\/wp-json\/wp\/v2\/media?parent=8910"}],"curies":[{"name":"wp","href":"https:\/\/api.w.org\/{rel}","templated":true}]}}